{"id":1868,"date":"2019-11-28T13:00:17","date_gmt":"2019-11-28T11:00:17","guid":{"rendered":"https:\/\/embassyceramics.com\/?page_id=1868"},"modified":"2019-11-28T13:48:05","modified_gmt":"2019-11-28T11:48:05","slug":"notice-legale","status":"publish","type":"page","link":"https:\/\/embassyceramics.com\/fr\/notice-legale\/","title":{"rendered":"NOTICE L\u00c9GALE"},"content":{"rendered":"[vc_row type=\u00a0\u00bbin_container\u00a0\u00bb full_screen_row_position=\u00a0\u00bbmiddle\u00a0\u00bb column_margin=\u00a0\u00bbdefault\u00a0\u00bb scene_position=\u00a0\u00bbcenter\u00a0\u00bb text_color=\u00a0\u00bbdark\u00a0\u00bb text_align=\u00a0\u00bbleft\u00a0\u00bb top_padding=\u00a0\u00bb4%\u00a0\u00bb bottom_padding=\u00a0\u00bb5%\u00a0\u00bb overlay_strength=\u00a0\u00bb0.3&Prime; shape_divider_position=\u00a0\u00bbbottom\u00a0\u00bb bg_image_animation=\u00a0\u00bbnone\u00a0\u00bb shape_type=\u00a0\u00bb\u00a0\u00bb][vc_column column_padding=\u00a0\u00bbno-extra-padding\u00a0\u00bb column_padding_position=\u00a0\u00bball\u00a0\u00bb background_color_opacity=\u00a0\u00bb1&Prime; background_hover_color_opacity=\u00a0\u00bb1&Prime; column_link_target=\u00a0\u00bb_self\u00a0\u00bb column_shadow=\u00a0\u00bbnone\u00a0\u00bb column_border_radius=\u00a0\u00bbnone\u00a0\u00bb width=\u00a0\u00bb1\/1&Prime; tablet_width_inherit=\u00a0\u00bbdefault\u00a0\u00bb tablet_text_alignment=\u00a0\u00bbdefault\u00a0\u00bb phone_text_alignment=\u00a0\u00bbdefault\u00a0\u00bb overlay_strength=\u00a0\u00bb0.3&Prime; column_border_width=\u00a0\u00bbnone\u00a0\u00bb column_border_style=\u00a0\u00bbsolid\u00a0\u00bb bg_image_animation=\u00a0\u00bbnone\u00a0\u00bb][vc_custom_heading text=\u00a0\u00bbNOTICE L\u00c9GALE \u00a0\u00bb use_theme_fonts=\u00a0\u00bbyes\u00a0\u00bb][divider line_type=\u00a0\u00bbNo Line\u00a0\u00bb custom_height=\u00a0\u00bb100&Prime;][vc_column_text]\n<h3 style=\"font-size: 30px; font-weight: 400;\">NOTICE L\u00c9GALE TAGAMA<\/h3>\n<p>Ce site web est g\u00e9r\u00e9 par Tagama Export S.L.<\/p>\n<p>L\u2019acc\u00e8s et l\u2019utilisation de ce site sont r\u00e9glement\u00e9s par la loi spagnole.<\/p>\n<p>Le contenu du pr\u00e9sent site web est la propri\u00e9t\u00e9 de Tagama Export S.L.. et toute reproduction, m\u00eame partielle, de son contenu est interdite.<\/p>\n<p>Toute demande ou \u00e9claircissement quant \u00e0 l\u2019utilisation des marques ou des mat\u00e9riaux pr\u00e9sents sur ce site devra \u00eatre adress\u00e9e au formulaire de contact.<\/p>\n<p>&nbsp;<\/p>\n<h3 style=\"font-size: 30px; font-weight: 400;\">LIMITATION DE RESPONSABILIT\u00c9<\/h3>\n<p>Les informations que contient le pr\u00e9sent site sont le plus pr\u00e9cises possible, mais elles ne doivent pas \u00eatre consid\u00e9r\u00e9es l\u00e9galement contraignantes.<\/p>\n<p>Les dimensions, couleurs, tons des produits repr\u00e9sent\u00e9s sur le site sont purement indicatifs et peuvent ne pas correspondre aux originaux. En outre, Tagama Export S.L.se r\u00e9serve le droit de modifier et de mettre \u00e0 jour \u00e0 tout moment et sans pr\u00e9avis les produits pr\u00e9sent\u00e9s sur le site.<\/p>\n<p>Les mat\u00e9riaux pr\u00e9sents sur ce site peuvent contenir des informations impr\u00e9cises et des erreurs typographiques. Tagama Export S.L. d\u00e9cline toute responsabilit\u00e9 concernant des pertes ou des dommages li\u00e9s \u00e0 la confiance que portent les utilisateurs du site aux informations qu\u2019il contient. Il incombe donc \u00e0 l\u2019utilisateur d\u2019\u00e9valuer de mani\u00e8re ind\u00e9pendante l\u2019exactitude des informations publi\u00e9es sur ce site web.<\/p>\n<p>Tagama Export S.L. ne sera aucunement responsable, au titre de la responsabilit\u00e9 contractuelle ou extracontractuelle, de tout dommage direct ou indirect, actuel ou potentiel, sp\u00e9cifique ou g\u00e9n\u00e9rique, susceptible de d\u00e9river de l\u2019utilisation, de la non-utilisation et des performances de tout produit, information ou contenu pr\u00e9sent sur le site web (et ce ind\u00e9pendamment du fait que Tagama Export S.L. ait connaissance ou non de la possibilit\u00e9 que ledit dommage se produise). Dans la mesure o\u00f9 certaines juridictions ne permettent pas l\u2019exon\u00e9ration ou la limitation de responsabilit\u00e9 pour des dommages directs ou indirects, certaines des restrictions vis\u00e9es plus haut pourraient ne pas trouver d\u2019application.<\/p>\n<p>&nbsp;<\/p>\n<h3 style=\"font-size: 30px; font-weight: 400;\">EXONERATION DE RESPONSABILIT\u00c9<\/h3>\n<p>En acc\u00e9dant au site Internet, vous vous engagez \u00e0 exon\u00e9rer de toute responsabilit\u00e9, pr\u00e9server et d\u00e9fendre Tagama Export S.L., ses filiales et soci\u00e9t\u00e9s partenaires, ses employ\u00e9s, ses administrateurs et ses actionnaires de toute revendication de tierces parties (y compris concernant les frais l\u00e9gaux et de justice raisonnablement engag\u00e9s en lien avec celles-ci) concernant votre utilisation du site web ou en lien avec celui-ci.<\/p>\n<p>&nbsp;<\/p>\n<h3 style=\"font-size: 30px; font-weight: 400;\">LIENS ET INFORMATIONS DE TIERCES PARTIES<\/h3>\n<p>Ce site peut contenir des renvois \u00e0 d\u2019autres sites Internet (\u00ab Liens \u00bb). Tagama Export S.L. d\u00e9cline toute responsabilit\u00e9 quant aux contenus et mat\u00e9riaux accessibles sur ces sites ou susceptibles d\u2019\u00eatre obtenus par leur interm\u00e9diaire. Tous les liens vers d\u2019autres sites, ainsi que toute r\u00e9f\u00e9rence \u00e0 des informations provenant de tierces parties, ne pourront aucunement \u00eatre consid\u00e9r\u00e9s comme ayant fait l\u2019objet d\u2019une acceptation expresse ou implicite par Tagama Export S.L.. Les questions et les commentaires relatifs aux sites accessibles depuis les liens seront \u00e0 adresser exclusivement aux administrateurs desdits sites. Ce site Internet peut par ailleurs contenir des informations provenant de tierces parties, d\u00fbment indiqu\u00e9es d\u2019une fois sur l\u2019autre, auxquelles vous devrez vous r\u00e9f\u00e9rer exclusivement pour toute question inh\u00e9rente \u00e0 leur exactitude, leur v\u00e9ridicit\u00e9 et leur exhaustivit\u00e9.[\/vc_column_text][\/vc_column][\/vc_row]\n","protected":false},"excerpt":{"rendered":"<p>[vc_row type=\u00a0\u00bbin_container\u00a0\u00bb full_screen_row_position=\u00a0\u00bbmiddle\u00a0\u00bb column_margin=\u00a0\u00bbdefault\u00a0\u00bb scene_position=\u00a0\u00bbcenter\u00a0\u00bb text_color=\u00a0\u00bbdark\u00a0\u00bb text_align=\u00a0\u00bbleft\u00a0\u00bb top_padding=\u00a0\u00bb4%\u00a0\u00bb bottom_padding=\u00a0\u00bb5%\u00a0\u00bb overlay_strength=\u00a0\u00bb0.3&Prime; shape_divider_position=\u00a0\u00bbbottom\u00a0\u00bb bg_image_animation=\u00a0\u00bbnone\u00a0\u00bb shape_type=\u00a0\u00bb\u00a0\u00bb][vc_column column_padding=\u00a0\u00bbno-extra-padding\u00a0\u00bb column_padding_position=\u00a0\u00bball\u00a0\u00bb background_color_opacity=\u00a0\u00bb1&Prime; background_hover_color_opacity=\u00a0\u00bb1&Prime; column_link_target=\u00a0\u00bb_self\u00a0\u00bb column_shadow=\u00a0\u00bbnone\u00a0\u00bb column_border_radius=\u00a0\u00bbnone\u00a0\u00bb width=\u00a0\u00bb1\/1&Prime; tablet_width_inherit=\u00a0\u00bbdefault\u00a0\u00bb tablet_text_alignment=\u00a0\u00bbdefault\u00a0\u00bb phone_text_alignment=\u00a0\u00bbdefault\u00a0\u00bb overlay_strength=\u00a0\u00bb0.3&Prime;&#8230;<\/p>\n","protected":false},"author":1,"featured_media":0,"parent":0,"menu_order":0,"comment_status":"closed","ping_status":"closed","template":"","meta":{"footnotes":""},"class_list":["post-1868","page","type-page","status-publish"],"_links":{"self":[{"href":"https:\/\/embassyceramics.com\/fr\/wp-json\/wp\/v2\/pages\/1868","targetHints":{"allow":["GET"]}}],"collection":[{"href":"https:\/\/embassyceramics.com\/fr\/wp-json\/wp\/v2\/pages"}],"about":[{"href":"https:\/\/embassyceramics.com\/fr\/wp-json\/wp\/v2\/types\/page"}],"author":[{"embeddable":true,"href":"https:\/\/embassyceramics.com\/fr\/wp-json\/wp\/v2\/users\/1"}],"replies":[{"embeddable":true,"href":"https:\/\/embassyceramics.com\/fr\/wp-json\/wp\/v2\/comments?post=1868"}],"version-history":[{"count":0,"href":"https:\/\/embassyceramics.com\/fr\/wp-json\/wp\/v2\/pages\/1868\/revisions"}],"wp:attachment":[{"href":"https:\/\/embassyceramics.com\/fr\/wp-json\/wp\/v2\/media?parent=1868"}],"curies":[{"name":"wp","href":"https:\/\/api.w.org\/{rel}","templated":true}]}}