{"id":1834,"date":"2019-09-30T10:43:35","date_gmt":"2019-09-30T10:43:35","guid":{"rendered":"https:\/\/embassyceramics.com\/cookies-policy\/"},"modified":"2019-11-28T12:44:59","modified_gmt":"2019-11-28T10:44:59","slug":"politique-sur-les-temoins","status":"publish","type":"page","link":"https:\/\/embassyceramics.com\/fr\/politique-sur-les-temoins\/","title":{"rendered":"Politique sur les t\u00e9moins"},"content":{"rendered":"[vc_row type=\u00a0\u00bbin_container\u00a0\u00bb full_screen_row_position=\u00a0\u00bbmiddle\u00a0\u00bb column_margin=\u00a0\u00bbdefault\u00a0\u00bb scene_position=\u00a0\u00bbcenter\u00a0\u00bb text_color=\u00a0\u00bbdark\u00a0\u00bb text_align=\u00a0\u00bbleft\u00a0\u00bb top_padding=\u00a0\u00bb4%\u00a0\u00bb bottom_padding=\u00a0\u00bb5%\u00a0\u00bb overlay_strength=\u00a0\u00bb0.3&Prime; shape_divider_position=\u00a0\u00bbbottom\u00a0\u00bb bg_image_animation=\u00a0\u00bbnone\u00a0\u00bb shape_type=\u00a0\u00bb\u00a0\u00bb][vc_column column_padding=\u00a0\u00bbno-extra-padding\u00a0\u00bb column_padding_position=\u00a0\u00bball\u00a0\u00bb background_color_opacity=\u00a0\u00bb1&Prime; background_hover_color_opacity=\u00a0\u00bb1&Prime; column_link_target=\u00a0\u00bb_self\u00a0\u00bb column_shadow=\u00a0\u00bbnone\u00a0\u00bb column_border_radius=\u00a0\u00bbnone\u00a0\u00bb width=\u00a0\u00bb1\/1&Prime; tablet_width_inherit=\u00a0\u00bbdefault\u00a0\u00bb tablet_text_alignment=\u00a0\u00bbdefault\u00a0\u00bb phone_text_alignment=\u00a0\u00bbdefault\u00a0\u00bb overlay_strength=\u00a0\u00bb0.3&Prime; column_border_width=\u00a0\u00bbnone\u00a0\u00bb column_border_style=\u00a0\u00bbsolid\u00a0\u00bb bg_image_animation=\u00a0\u00bbnone\u00a0\u00bb][vc_custom_heading text=\u00a0\u00bbPolitique sur les t\u00e9moins\u00a0\u00bb use_theme_fonts=\u00a0\u00bbyes\u00a0\u00bb][divider line_type=\u00a0\u00bbNo Line\u00a0\u00bb custom_height=\u00a0\u00bb100&Prime;][vc_column_text]\n<h3 style=\"font-size: 30px; font-weight: 400;\">COOKIES<\/h3>\n<p>Les Cookies sont constitu\u00e9s de portions de code install\u00e9s dans le navigateur qui aident le Propri\u00e9taire \u00e0 fournir les Services selon les finalit\u00e9s d\u00e9crites. Certaines finalit\u00e9s d\u2019installation des Cookies peuvent \u00e9galement n\u00e9cessiter le consentement de l\u2019Utilisateur.<\/p>\n<p>&nbsp;<\/p>\n<h3 style=\"font-size: 30px; font-weight: 400;\">COOKIES TECHNIQUES ET COOKIES D\u2019AGR\u00c9GATS STATISTIQUES<\/h3>\n<p>Cette Application utilise des Cookies pour enregistrer la session de l\u2019Utilisateur et mener d\u2019autres activit\u00e9s strictement n\u00e9cessaires au fonctionnement de cette Application, par exemple en ce qui concerne la distribution du trafic.<\/p>\n<p>Cette Application utilise des Cookies pour enregistrer les pr\u00e9f\u00e9rences de navigation et optimiser l\u2019exp\u00e9rience de navigation de l\u2019Utilisateur. Parmi ces Cookies, on trouve par exemple ceux qui d\u00e9finissent les pr\u00e9f\u00e9rences de langue ou ceux pour la gestion des statistiques internes utilis\u00e9es directement par le Propri\u00e9taire du site.<\/p>\n<p>&nbsp;<\/p>\n<h3 style=\"font-size: 30px; font-weight: 400;\">AUTRES TYPES DE COOKIES OU TIERS QUI INSTALLENT DES COOKIES<\/h3>\n<p>Certains services collectent des statistiques sous forme anonyme et agr\u00e9g\u00e9e, et peuvent ne pas requ\u00e9rir le consentement de l\u2019Utilisateur ou \u00eatre g\u00e9r\u00e9es directement par le Propri\u00e9taire, selon la fa\u00e7on dont ils sont d\u00e9crits, sans l\u2019aide de tiers.<\/p>\n<p>Dans le cas seraient des services g\u00e9r\u00e9s par des tiers, ceux-ci pourraient \u2013 en plus de ce qui est sp\u00e9cifi\u00e9 dans la pr\u00e9sente politique et \u00e0 l\u2019insu du Propri\u00e9taire \u2013 \u00eatre utilis\u00e9s pour suivre les habitudes de navigation des Utilisateurs.<\/p>\n<p>&nbsp;<\/p>\n<h3 style=\"font-size: 30px; font-weight: 400;\">COMMENT DONNER OU RETIRER SON CONSENTEMENT \u00c0 L&rsquo;INSTALLATION DES COOKIES<\/h3>\n<p>Outre ce qui est indiqu\u00e9 dans le pr\u00e9sent document, l\u2019Utilisateur peut g\u00e9rer ses pr\u00e9f\u00e9rences en mati\u00e8re de Cookies directement \u00e0 partir de son navigateur et emp\u00eacher, par exemple, que des tiers puissent les installer.<\/p>\n<p>Gr\u00e2ce aux pr\u00e9f\u00e9rences du navigateur, il est \u00e9galement possible de supprimer les Cookies install\u00e9s pr\u00e9c\u00e9demment, y compris les Cookies qui peuvent avoir enregistr\u00e9 le consentement initial \u00e0 l&rsquo;installation des Cookies par ce site.<\/p>\n<p>En ce qui concerne les Cookies install\u00e9s par des tiers, les Utilisateurs peuvent g\u00e9rer leurs pr\u00e9f\u00e9rences et retirer leur consentement en cliquant sur le lien de d\u00e9sactivation correspondant (s&rsquo;il est pr\u00e9vu), en utilisant les moyens pr\u00e9vus dans la politique de confidentialit\u00e9 du tiers ou en contactant le tiers.<\/p>\n<p>&nbsp;<\/p>\n<h3 style=\"font-size: 30px; font-weight: 400;\">PROPRI\u00c9TAIRE ET RESPONSABLE DU TRAITEMENT<\/h3>\n<p>\u00c9tant donn\u00e9 que l\u2019installation de Cookies tiers et d\u2019autres syst\u00e8mes de tra\u00e7age par les services utilis\u00e9s dans cette Application ne peuvent \u00eatre contr\u00f4l\u00e9es techniquement par le Propri\u00e9taire, toute r\u00e9f\u00e9rence sp\u00e9cifique \u00e0 des Cookies et \u00e0 des syst\u00e8mes de tra\u00e7age install\u00e9s par des tiers doit \u00eatre consid\u00e9r\u00e9e comme indicative.<\/p>\n<p>Compte tenu de la complexit\u00e9 objective li\u00e9e \u00e0 l\u2019identification des technologies bas\u00e9es sur les Cookies, les Utilisateurs sont invit\u00e9s \u00e0 contacter le Propri\u00e9taire s\u2019ils souhaitent recevoir de plus amples informations sur l\u2019utilisation des Cookies par cette Application.<\/p>\n<p>Tagama Export, S.L. Pol. Ind. Morero, Centro de Negocios Parcela P2-13, Nave N3-7 Of.2 39611 Guarnizo (Cantabria &#8211; Spain)<br \/>\n<a href=\"mailto:admin@embassyceramics.com\">admin@embassyceramics.com<\/a>[\/vc_column_text][\/vc_column][\/vc_row]\n","protected":false},"excerpt":{"rendered":"<p>[vc_row type=\u00a0\u00bbin_container\u00a0\u00bb full_screen_row_position=\u00a0\u00bbmiddle\u00a0\u00bb column_margin=\u00a0\u00bbdefault\u00a0\u00bb scene_position=\u00a0\u00bbcenter\u00a0\u00bb text_color=\u00a0\u00bbdark\u00a0\u00bb text_align=\u00a0\u00bbleft\u00a0\u00bb top_padding=\u00a0\u00bb4%\u00a0\u00bb bottom_padding=\u00a0\u00bb5%\u00a0\u00bb overlay_strength=\u00a0\u00bb0.3&Prime; shape_divider_position=\u00a0\u00bbbottom\u00a0\u00bb bg_image_animation=\u00a0\u00bbnone\u00a0\u00bb shape_type=\u00a0\u00bb\u00a0\u00bb][vc_column column_padding=\u00a0\u00bbno-extra-padding\u00a0\u00bb column_padding_position=\u00a0\u00bball\u00a0\u00bb background_color_opacity=\u00a0\u00bb1&Prime; background_hover_color_opacity=\u00a0\u00bb1&Prime; column_link_target=\u00a0\u00bb_self\u00a0\u00bb column_shadow=\u00a0\u00bbnone\u00a0\u00bb column_border_radius=\u00a0\u00bbnone\u00a0\u00bb width=\u00a0\u00bb1\/1&Prime; tablet_width_inherit=\u00a0\u00bbdefault\u00a0\u00bb tablet_text_alignment=\u00a0\u00bbdefault\u00a0\u00bb phone_text_alignment=\u00a0\u00bbdefault\u00a0\u00bb overlay_strength=\u00a0\u00bb0.3&Prime;&#8230;<\/p>\n","protected":false},"author":1,"featured_media":0,"parent":0,"menu_order":0,"comment_status":"closed","ping_status":"closed","template":"","meta":{"footnotes":""},"class_list":["post-1834","page","type-page","status-publish"],"_links":{"self":[{"href":"https:\/\/embassyceramics.com\/fr\/wp-json\/wp\/v2\/pages\/1834","targetHints":{"allow":["GET"]}}],"collection":[{"href":"https:\/\/embassyceramics.com\/fr\/wp-json\/wp\/v2\/pages"}],"about":[{"href":"https:\/\/embassyceramics.com\/fr\/wp-json\/wp\/v2\/types\/page"}],"author":[{"embeddable":true,"href":"https:\/\/embassyceramics.com\/fr\/wp-json\/wp\/v2\/users\/1"}],"replies":[{"embeddable":true,"href":"https:\/\/embassyceramics.com\/fr\/wp-json\/wp\/v2\/comments?post=1834"}],"version-history":[{"count":0,"href":"https:\/\/embassyceramics.com\/fr\/wp-json\/wp\/v2\/pages\/1834\/revisions"}],"wp:attachment":[{"href":"https:\/\/embassyceramics.com\/fr\/wp-json\/wp\/v2\/media?parent=1834"}],"curies":[{"name":"wp","href":"https:\/\/api.w.org\/{rel}","templated":true}]}}