{"id":1254,"date":"2019-11-02T00:06:40","date_gmt":"2019-11-01T22:06:40","guid":{"rendered":"https:\/\/embassyceramics.com\/contact\/"},"modified":"2023-10-15T09:23:25","modified_gmt":"2023-10-15T07:23:25","slug":"contact","status":"publish","type":"page","link":"https:\/\/embassyceramics.com\/fr\/contact\/","title":{"rendered":"Contact"},"content":{"rendered":"[vc_row type=\u00a0\u00bbfull_width_background\u00a0\u00bb full_screen_row_position=\u00a0\u00bbmiddle\u00a0\u00bb equal_height=\u00a0\u00bbyes\u00a0\u00bb content_placement=\u00a0\u00bbtop\u00a0\u00bb column_margin=\u00a0\u00bb90px\u00a0\u00bb bg_color=\u00a0\u00bb#ffffff\u00a0\u00bb scene_position=\u00a0\u00bbcenter\u00a0\u00bb text_color=\u00a0\u00bbcustom\u00a0\u00bb custom_text_color=\u00a0\u00bb#626e76&Prime; text_align=\u00a0\u00bbleft\u00a0\u00bb top_padding=\u00a0\u00bb8%\u00a0\u00bb bottom_padding=\u00a0\u00bb8%\u00a0\u00bb overlay_strength=\u00a0\u00bb0.3&Prime; shape_divider_position=\u00a0\u00bbbottom\u00a0\u00bb bg_image_animation=\u00a0\u00bbnone\u00a0\u00bb shape_type=\u00a0\u00bb\u00a0\u00bb][vc_column column_padding=\u00a0\u00bbno-extra-padding\u00a0\u00bb column_padding_position=\u00a0\u00bball\u00a0\u00bb background_color_opacity=\u00a0\u00bb1&Prime; background_hover_color_opacity=\u00a0\u00bb1&Prime; column_link_target=\u00a0\u00bb_self\u00a0\u00bb column_shadow=\u00a0\u00bbnone\u00a0\u00bb column_border_radius=\u00a0\u00bbnone\u00a0\u00bb width=\u00a0\u00bb2\/3&Prime; tablet_width_inherit=\u00a0\u00bbdefault\u00a0\u00bb tablet_text_alignment=\u00a0\u00bbdefault\u00a0\u00bb phone_text_alignment=\u00a0\u00bbdefault\u00a0\u00bb overlay_strength=\u00a0\u00bb0.3&Prime; column_border_width=\u00a0\u00bbnone\u00a0\u00bb column_border_style=\u00a0\u00bbsolid\u00a0\u00bb bg_image_animation=\u00a0\u00bbnone\u00a0\u00bb]<div role=\"form\" class=\"wpcf7\" id=\"wpcf7-f1249-o1\" lang=\"fr-FR\" dir=\"ltr\">\n<div class=\"screen-reader-response\"><\/div>\n<form action=\"\/fr\/wp-json\/wp\/v2\/pages\/1254#wpcf7-f1249-o1\" method=\"post\" class=\"wpcf7-form\" novalidate=\"novalidate\">\n<div style=\"display: none;\">\n<input type=\"hidden\" name=\"_wpcf7\" value=\"1249\" \/>\n<input type=\"hidden\" name=\"_wpcf7_version\" value=\"5.1.6\" \/>\n<input type=\"hidden\" name=\"_wpcf7_locale\" value=\"fr_FR\" \/>\n<input type=\"hidden\" name=\"_wpcf7_unit_tag\" value=\"wpcf7-f1249-o1\" \/>\n<input type=\"hidden\" name=\"_wpcf7_container_post\" value=\"0\" \/>\n<input type=\"hidden\" name=\"g-recaptcha-response\" value=\"\" \/>\n<\/div>\n<div  class=\"row\">\n<div class=\"col span_12\">\n  <label >NOM*<\/label><br \/>\n    <span class=\"wpcf7-form-control-wrap nombre\"><input type=\"text\" name=\"nombre\" value=\"\" size=\"40\" class=\"wpcf7-form-control wpcf7-text wpcf7-validates-as-required\" aria-required=\"true\" aria-invalid=\"false\" \/><\/span>\n  <\/div>\n<\/div>\n<div  class=\"row\">\n<div class=\"col span_12\">\n  <label >ENTREPRISE*<\/label><br \/>\n    <span class=\"wpcf7-form-control-wrap company\"><input type=\"text\" name=\"company\" value=\"\" size=\"40\" class=\"wpcf7-form-control wpcf7-text wpcf7-validates-as-required\" aria-required=\"true\" aria-invalid=\"false\" \/><\/span>\n  <\/div>\n<\/div>\n<div style=\"margin-bottom: 30px; margin-top: 30px;\" class=\"row\">\n<div class=\"col span_12\">\n\t  <span class=\"wpcf7-form-control-wrap checkbox-947\"><span class=\"wpcf7-form-control wpcf7-checkbox\"><span class=\"wpcf7-list-item first last\"><label><input type=\"checkbox\" name=\"checkbox-947[]\" value=\"Je veux recevoir le catalogue \u00e9lectronique\" \/><span class=\"wpcf7-list-item-label\">Je veux recevoir le catalogue \u00e9lectronique<\/span><\/label><\/span><\/span><\/span>\n  <\/div>\n<\/div>\n<div  class=\"row\">\n<div class=\"col span_6\">\n  <label >EMAIL*<\/label><br \/>\n    <span class=\"wpcf7-form-control-wrap email\"><input type=\"email\" name=\"email\" value=\"\" size=\"40\" class=\"wpcf7-form-control wpcf7-text wpcf7-email wpcf7-validates-as-required wpcf7-validates-as-email\" aria-required=\"true\" aria-invalid=\"false\" \/><\/span>\n  <\/div>\n<div class=\"col span_6\">\n  <label>NUM\u00c9RO DE T\u00c9L\u00c9PHONE*<\/label><br \/>\n    <span class=\"wpcf7-form-control-wrap telefono\"><input type=\"text\" name=\"telefono\" value=\"\" size=\"40\" class=\"wpcf7-form-control wpcf7-text wpcf7-validates-as-required\" aria-required=\"true\" aria-invalid=\"false\" \/><\/span>\n  <\/div>\n<\/div>\n<div style=\"margin-bottom: 30px;\" ><label >MESSAGE*<\/label><br \/>\n    <span class=\"wpcf7-form-control-wrap mensaje\"><textarea name=\"mensaje\" cols=\"100\" rows=\"5\" class=\"wpcf7-form-control wpcf7-textarea wpcf7-validates-as-required\" aria-required=\"true\" aria-invalid=\"false\"><\/textarea><\/span> <\/div>\n<p style=\"font-size: 12px; line-height: 18px !important; color: #9f9f9f !important; font-weight: 400;\">Nous voulons continuer \u00e0 vous conseiller et \u00e0 vous informer. Par cons\u00e9quent, nous avons besoin de votre consentement concernant la protection et l'utilisation de vos donn\u00e9es<\/p>\n<p><span class=\"wpcf7-form-control-wrap privacidad\"><span class=\"wpcf7-form-control wpcf7-acceptance\"><span class=\"wpcf7-list-item\"><label><input type=\"checkbox\" name=\"privacidad\" value=\"1\" aria-invalid=\"false\" \/><span class=\"wpcf7-list-item-label\"><span style=\"font-size: 11px; color: #9f9f9f !important; font-weight: 400;\">J\u2019accepte la <a style=\"color: #1d1d1d; text-decoration: underline;\" href=\"https:\/\/embassyceramics.com\/fr\/politique-de-confidentialite\/\" target=\"_blank\">Politique de Confidencialit\u00e9<\/a> et la <a style=\"color: #1d1d1d; text-decoration: underline;\" href=\"https:\/\/embassyceramics.com\/fr\/notice-legale\/\" target=\"_blank\">Notice Legal<\/a>.<\/span><\/span><\/label><\/span><\/span><\/span><\/p>\n<p><br\/><input type=\"submit\" value=\"ENVOYER\" class=\"wpcf7-form-control wpcf7-submit\" \/><\/p>\n<hr style=\"background-color: #F5F5F5; width: 100%; height: 2px; border: none; margin-top: 75px !important; margin-bottom: 25px !important; text-align: left !important\" \/>\n<br\/><\/p>\n<p><b>Responsable du traitement<\/b><\/p>\n<p style=\"text-transform: none !important; line-height: 18px !important;\">Embassy Ceramics<br \/>\nPaseo de las Delicias 1, 41001 Sevilla - Espagne <\/p>\n<p><b>Finalit\u00e9 du traitement<\/b><\/p>\n<p style=\"text-transform: none !important; line-height: 18px !important;\">Maintenir la relation commerciale \u00e9tablie et vous tenir inform\u00e9 par le biais de communications commerciales \u00e9lectroniques sur nos produits et services.<\/p>\n<p><b>Droits <\/b><\/p>\n<p style=\"text-transform: none !important; line-height: 18px !important;\">Vous pourrez exercer vos droits acc\u00e8s, de rectification, d\u2019annulation, de portabilit\u00e9, de suppression ou le cas \u00e9ch\u00e9ant d\u2019opposition.<br \/>\nVous pourrez \u00e9galement exercer votre droit \u00e0 la protection des donn\u00e9es \u00e0 caract\u00e8re personnel, en d\u00e9posant une r\u00e9clamation aupr\u00e8s de l\u2019Agence espagnole de protection des donn\u00e9es (www.agpd.es).<\/p>\n<p><b>Information additionnelle<\/b><\/p>\n<p style=\"text-transform: none !important; line-height: 18px !important;\">Vous pouvez trouver des information additionnelle dans notre <a style=\"color: #1d1d1d; text-decoration: underline;\" href=\"https:\/\/embassyceramics.com\/fr\/politique-de-confidentialite\/\" target=\"_blank\">Politique de Confidentialit\u00e9<\/a>.<\/p>\n<div class=\"wpcf7-response-output wpcf7-display-none\"><\/div><\/form><\/div>[\/vc_column][vc_column column_padding=\u00a0\u00bbpadding-2-percent\u00a0\u00bb column_padding_position=\u00a0\u00bbtop-bottom\u00a0\u00bb background_color_opacity=\u00a0\u00bb1&Prime; background_hover_color_opacity=\u00a0\u00bb1&Prime; column_link_target=\u00a0\u00bb_self\u00a0\u00bb column_shadow=\u00a0\u00bbnone\u00a0\u00bb column_border_radius=\u00a0\u00bbnone\u00a0\u00bb width=\u00a0\u00bb1\/3&Prime; tablet_width_inherit=\u00a0\u00bbdefault\u00a0\u00bb tablet_text_alignment=\u00a0\u00bbdefault\u00a0\u00bb phone_text_alignment=\u00a0\u00bbdefault\u00a0\u00bb overlay_strength=\u00a0\u00bb0.3&Prime; column_border_width=\u00a0\u00bbnone\u00a0\u00bb column_border_style=\u00a0\u00bbsolid\u00a0\u00bb bg_image_animation=\u00a0\u00bbnone\u00a0\u00bb][vc_custom_heading text=\u00a0\u00bbCONTACT\u00a0\u00bb font_container=\u00a0\u00bbtag:h1|text_align:left|color:%23626e76&Prime; use_theme_fonts=\u00a0\u00bbyes\u00a0\u00bb][divider line_type=\u00a0\u00bbSmall Line\u00a0\u00bb line_alignment=\u00a0\u00bbdefault\u00a0\u00bb line_thickness=\u00a0\u00bb1&Prime; divider_color=\u00a0\u00bbdefault\u00a0\u00bb custom_line_width=\u00a0\u00bb50&Prime;][vc_column_text]T. + 34 961 060 282<br \/>\nT. + 34 605 946 797<\/p>\n<h6>BUREAUX<\/h6>\n<p>Paseo de las Delicias 1, 41001 Sevilla, Espagne<\/p>\n<h6>L&rsquo;USINE<\/h6>\n<p>Valencia, Espagne[\/vc_column_text][\/vc_column][\/vc_row]\n","protected":false},"excerpt":{"rendered":"<p>[vc_row type=\u00a0\u00bbfull_width_background\u00a0\u00bb full_screen_row_position=\u00a0\u00bbmiddle\u00a0\u00bb equal_height=\u00a0\u00bbyes\u00a0\u00bb content_placement=\u00a0\u00bbtop\u00a0\u00bb column_margin=\u00a0\u00bb90px\u00a0\u00bb bg_color=\u00a0\u00bb#ffffff\u00a0\u00bb scene_position=\u00a0\u00bbcenter\u00a0\u00bb text_color=\u00a0\u00bbcustom\u00a0\u00bb custom_text_color=\u00a0\u00bb#626e76&Prime; text_align=\u00a0\u00bbleft\u00a0\u00bb top_padding=\u00a0\u00bb8%\u00a0\u00bb bottom_padding=\u00a0\u00bb8%\u00a0\u00bb overlay_strength=\u00a0\u00bb0.3&Prime; shape_divider_position=\u00a0\u00bbbottom\u00a0\u00bb bg_image_animation=\u00a0\u00bbnone\u00a0\u00bb shape_type=\u00a0\u00bb\u00a0\u00bb][vc_column column_padding=\u00a0\u00bbno-extra-padding\u00a0\u00bb column_padding_position=\u00a0\u00bball\u00a0\u00bb background_color_opacity=\u00a0\u00bb1&Prime; background_hover_color_opacity=\u00a0\u00bb1&Prime; column_link_target=\u00a0\u00bb_self\u00a0\u00bb column_shadow=\u00a0\u00bbnone\u00a0\u00bb column_border_radius=\u00a0\u00bbnone\u00a0\u00bb width=\u00a0\u00bb2\/3&Prime;&#8230;<\/p>\n","protected":false},"author":1,"featured_media":0,"parent":0,"menu_order":0,"comment_status":"closed","ping_status":"closed","template":"","meta":{"footnotes":""},"class_list":["post-1254","page","type-page","status-publish"],"_links":{"self":[{"href":"https:\/\/embassyceramics.com\/fr\/wp-json\/wp\/v2\/pages\/1254","targetHints":{"allow":["GET"]}}],"collection":[{"href":"https:\/\/embassyceramics.com\/fr\/wp-json\/wp\/v2\/pages"}],"about":[{"href":"https:\/\/embassyceramics.com\/fr\/wp-json\/wp\/v2\/types\/page"}],"author":[{"embeddable":true,"href":"https:\/\/embassyceramics.com\/fr\/wp-json\/wp\/v2\/users\/1"}],"replies":[{"embeddable":true,"href":"https:\/\/embassyceramics.com\/fr\/wp-json\/wp\/v2\/comments?post=1254"}],"version-history":[{"count":5,"href":"https:\/\/embassyceramics.com\/fr\/wp-json\/wp\/v2\/pages\/1254\/revisions"}],"predecessor-version":[{"id":1944,"href":"https:\/\/embassyceramics.com\/fr\/wp-json\/wp\/v2\/pages\/1254\/revisions\/1944"}],"wp:attachment":[{"href":"https:\/\/embassyceramics.com\/fr\/wp-json\/wp\/v2\/media?parent=1254"}],"curies":[{"name":"wp","href":"https:\/\/api.w.org\/{rel}","templated":true}]}}