{"id":992,"date":"2019-09-30T10:43:35","date_gmt":"2019-09-30T10:43:35","guid":{"rendered":"https:\/\/embassyceramics.com\/cookies-policy\/"},"modified":"2019-11-28T12:30:50","modified_gmt":"2019-11-28T10:30:50","slug":"politica-de-cookies","status":"publish","type":"page","link":"https:\/\/embassyceramics.com\/es\/politica-de-cookies\/","title":{"rendered":"Pol\u00edtica de Cookies"},"content":{"rendered":"[vc_row type=\u00bbin_container\u00bb full_screen_row_position=\u00bbmiddle\u00bb column_margin=\u00bbdefault\u00bb scene_position=\u00bbcenter\u00bb text_color=\u00bbdark\u00bb text_align=\u00bbleft\u00bb top_padding=\u00bb4%\u00bb bottom_padding=\u00bb5%\u00bb overlay_strength=\u00bb0.3&#8243; shape_divider_position=\u00bbbottom\u00bb bg_image_animation=\u00bbnone\u00bb shape_type=\u00bb\u00bb][vc_column column_padding=\u00bbno-extra-padding\u00bb column_padding_position=\u00bball\u00bb background_color_opacity=\u00bb1&#8243; background_hover_color_opacity=\u00bb1&#8243; column_link_target=\u00bb_self\u00bb column_shadow=\u00bbnone\u00bb column_border_radius=\u00bbnone\u00bb width=\u00bb1\/1&#8243; tablet_width_inherit=\u00bbdefault\u00bb tablet_text_alignment=\u00bbdefault\u00bb phone_text_alignment=\u00bbdefault\u00bb overlay_strength=\u00bb0.3&#8243; column_border_width=\u00bbnone\u00bb column_border_style=\u00bbsolid\u00bb bg_image_animation=\u00bbnone\u00bb][vc_custom_heading text=\u00bbPol\u00edtica de Cookies\u00bb use_theme_fonts=\u00bbyes\u00bb][divider line_type=\u00bbNo Line\u00bb custom_height=\u00bb100&#8243;][vc_column_text]\n<h3 style=\"font-size: 30px; font-weight: 400;\">\u00bfQu\u00e9 es una cookie?<\/h3>\n<p>Las Cookies son porciones de c\u00f3digo instaladas en el navegador que ayudan al Titular a prestar el Servicio de acuerdo con los fines descritos. Algunos de los fines para los que se instalan las Cookies pueden requerir tambi\u00e9n el consentimiento del Usuario.<\/p>\n<p>&nbsp;<\/p>\n<h3 style=\"font-size: 30px; font-weight: 400;\">COOKIES T\u00c9CNICAS Y COOKIES PARA OBJETIVOS ESTAD\u00cdSTICOS AGREGADOS<\/h3>\n<p>Esta Aplicaci\u00f3n utiliza Cookies para almacenar los datos de sesi\u00f3n del Usuario y para realizar otras actividades que son estrictamente necesarias para el funcionamiento de esta Aplicaci\u00f3n, como, por ejemplo, las relacionadas con la distribuci\u00f3n de tr\u00e1fico.<\/p>\n<p>Esta Aplicaci\u00f3n utiliza Cookies para almacenar las preferencias de navegaci\u00f3n y para optimizar la experiencia de navegaci\u00f3n del Usuario. Entre estas Cookies est\u00e1n, por ejemplo, las usadas para establecer las preferencias de idioma o para la gesti\u00f3n de las estad\u00edsticas de origen utilizadas directamente por el Titular del sitio<\/p>\n<p>&nbsp;<\/p>\n<h3 style=\"font-size: 30px; font-weight: 400;\">OTROS TIPOS DE COOKIES Y TERCEROS QUE INSTALAN COOKIES<\/h3>\n<p>Algunos servicios recopilan estad\u00edsticas de forma an\u00f3nima y agregada y pueden no requerir el consentimiento del Usuario o pueden ser gestionadas directamente por el Titular, dependiendo de c\u00f3mo se describan, sin la ayuda de terceros.<\/p>\n<p>Algunos servicios operados por terceros podr\u00e1n ser usados para hacer un seguimiento de los h\u00e1bitos de navegaci\u00f3n del Usuario, adem\u00e1s de la informaci\u00f3n indicada aqu\u00ed y sin el conocimiento del Propietario.<\/p>\n<p>&nbsp;<\/p>\n<h3 style=\"font-size: 30px; font-weight: 400;\">\u00bfC\u00d3MO OTORGAR O REVOCAR EL CONSENTIMIENTO A LA INSTALACI\u00d3N DE COOKIES?<\/h3>\n<p>Adem\u00e1s de lo especificado en el presente documento, el Usuario puede gestionar las preferencias de las Cookies directamente en su propio navegador y evitar, por ejemplo, la instalaci\u00f3n de Cookies por parte de terceros.<\/p>\n<p>En cuanto a las Cookies instaladas por terceros, los Usuarios pueden gestionar sus preferencias y revocar su consentimiento clicando sobre el enlace para optar por no participar, si es que existe, utilizando los medios previstos en la pol\u00edtica de privacidad del tercero, o poni\u00e9ndose en contacto con el tercero.<\/p>\n<p>&nbsp;<\/p>\n<h3 style=\"font-size: 30px; font-weight: 400;\">TITULAR Y RESPONSABLE DEL TRATAMIENTO DE LOS DATOS<\/h3>\n<p>Dado que la instalaci\u00f3n de Cookies de terceros y de otros sistemas de rastreo a trav\u00e9s de los servicios usados dentro de esta Aplicaci\u00f3n no puede ser t\u00e9cnicamente controlada por el Titular, cualquier referencia espec\u00edfica a Cookies y a sistemas de rastreo instalados por terceros ha de considerarse indicativa.<\/p>\n<p>Dada la complejidad objetiva en torno a la identificaci\u00f3n de tecnolog\u00edas basadas en Cookies, se anima a los Usuarios a ponerse en contacto con el titular en caso de que quieran recibir m\u00e1s informaci\u00f3n sobre el uso de Cookies por esta aplicaci\u00f3n.<\/p>\n<p>Tagama Export, S.L. Pol. Ind. Morero, Centro de Negocios Parcela P2-13, Nave N3-7 Of.2 39611 Guarnizo (Cantabria &#8211; Spain)<br \/>\n<a href=\"mailto:admin@embassyceramics.com\">admin@embassyceramics.com<\/a>[\/vc_column_text][\/vc_column][\/vc_row]\n","protected":false},"excerpt":{"rendered":"<p>[vc_row type=\u00bbin_container\u00bb full_screen_row_position=\u00bbmiddle\u00bb column_margin=\u00bbdefault\u00bb scene_position=\u00bbcenter\u00bb text_color=\u00bbdark\u00bb text_align=\u00bbleft\u00bb top_padding=\u00bb4%\u00bb bottom_padding=\u00bb5%\u00bb overlay_strength=\u00bb0.3&#8243; shape_divider_position=\u00bbbottom\u00bb bg_image_animation=\u00bbnone\u00bb shape_type=\u00bb\u00bb][vc_column column_padding=\u00bbno-extra-padding\u00bb column_padding_position=\u00bball\u00bb background_color_opacity=\u00bb1&#8243; background_hover_color_opacity=\u00bb1&#8243; column_link_target=\u00bb_self\u00bb column_shadow=\u00bbnone\u00bb column_border_radius=\u00bbnone\u00bb width=\u00bb1\/1&#8243; tablet_width_inherit=\u00bbdefault\u00bb tablet_text_alignment=\u00bbdefault\u00bb phone_text_alignment=\u00bbdefault\u00bb overlay_strength=\u00bb0.3&#8243;&#8230;<\/p>\n","protected":false},"author":1,"featured_media":0,"parent":0,"menu_order":0,"comment_status":"closed","ping_status":"closed","template":"","meta":{"footnotes":""},"class_list":["post-992","page","type-page","status-publish"],"_links":{"self":[{"href":"https:\/\/embassyceramics.com\/es\/wp-json\/wp\/v2\/pages\/992","targetHints":{"allow":["GET"]}}],"collection":[{"href":"https:\/\/embassyceramics.com\/es\/wp-json\/wp\/v2\/pages"}],"about":[{"href":"https:\/\/embassyceramics.com\/es\/wp-json\/wp\/v2\/types\/page"}],"author":[{"embeddable":true,"href":"https:\/\/embassyceramics.com\/es\/wp-json\/wp\/v2\/users\/1"}],"replies":[{"embeddable":true,"href":"https:\/\/embassyceramics.com\/es\/wp-json\/wp\/v2\/comments?post=992"}],"version-history":[{"count":0,"href":"https:\/\/embassyceramics.com\/es\/wp-json\/wp\/v2\/pages\/992\/revisions"}],"wp:attachment":[{"href":"https:\/\/embassyceramics.com\/es\/wp-json\/wp\/v2\/media?parent=992"}],"curies":[{"name":"wp","href":"https:\/\/api.w.org\/{rel}","templated":true}]}}