{"id":1878,"date":"2019-11-28T13:05:12","date_gmt":"2019-11-28T11:05:12","guid":{"rendered":"https:\/\/embassyceramics.com\/?page_id=1878"},"modified":"2019-11-28T13:19:39","modified_gmt":"2019-11-28T11:19:39","slug":"politica-de-privacidad","status":"publish","type":"page","link":"https:\/\/embassyceramics.com\/es\/politica-de-privacidad\/","title":{"rendered":"Pol\u00edtica de privacidad"},"content":{"rendered":"[vc_row type=\u00bbin_container\u00bb full_screen_row_position=\u00bbmiddle\u00bb column_margin=\u00bbdefault\u00bb scene_position=\u00bbcenter\u00bb text_color=\u00bbdark\u00bb text_align=\u00bbleft\u00bb top_padding=\u00bb4%\u00bb bottom_padding=\u00bb5%\u00bb overlay_strength=\u00bb0.3&#8243; shape_divider_position=\u00bbbottom\u00bb bg_image_animation=\u00bbnone\u00bb shape_type=\u00bb\u00bb][vc_column column_padding=\u00bbno-extra-padding\u00bb column_padding_position=\u00bball\u00bb background_color_opacity=\u00bb1&#8243; background_hover_color_opacity=\u00bb1&#8243; column_link_target=\u00bb_self\u00bb column_shadow=\u00bbnone\u00bb column_border_radius=\u00bbnone\u00bb width=\u00bb1\/1&#8243; tablet_width_inherit=\u00bbdefault\u00bb tablet_text_alignment=\u00bbdefault\u00bb phone_text_alignment=\u00bbdefault\u00bb overlay_strength=\u00bb0.3&#8243; column_border_width=\u00bbnone\u00bb column_border_style=\u00bbsolid\u00bb bg_image_animation=\u00bbnone\u00bb][vc_custom_heading text=\u00bbNOTA INFORMATIVA SOBRE LA PRIVACIDAD RGPD\u00bb use_theme_fonts=\u00bbyes\u00bb][divider line_type=\u00bbNo Line\u00bb custom_height=\u00bb100&#8243;][vc_column_text]\n<h3 style=\"font-size: 30px; font-weight: 400;\">1. INFORMACI\u00d3N DE CAR\u00c1CTER GENERAL<\/h3>\n<p>Por medio de la presente se informa que las relaciones establecidas con Embassy Ceramics (Tagama Export S.L.) pueden implicar el tratamiento de datos personales, respetando los siguientes principios de car\u00e1cter general:<\/p>\n<p>\u2022 todos los datos se tratan de forma l\u00edcita, leal y transparente con respecto al Interesado, respetando los principios generales previstos en el Art. 5 del RGPD;<br \/>\n\u2022 se toman medidas de seguridad espec\u00edficas para prevenir la p\u00e9rdida de los datos, usos il\u00edcitos, o desleales, la modificaci\u00f3n de los datos y accesos no autorizados.<\/p>\n<p>Responsables del Tratamiento de los Datos:<br \/>\nTagama Export, S.L.<br \/>\nDirecci\u00f3n de correo electr\u00f3nico: <a href=\"mailto:admin@embassyceramics.com\">admin@embassyceramics.com<\/a><\/p>\n<p>&nbsp;<\/p>\n<h3 style=\"font-size: 30px; font-weight: 400;\">2. OBJETO DEL TRATAMIENTO<\/h3>\n<p>El Responsable puede recabar los siguientes tipos de datos:<\/p>\n<h5>2.1. Datos personales tratados<\/h5>\n<p>El Responsable trata los datos personales de contactos, visitantes, clientes, proveedores, candidatos, empleados, responsables de cargas sociales, as\u00ed como de los usuarios de los sitios y de terceros, adquiridos y utilizados en el \u00e1mbito de la actividad empresarial desarrollada por el Responsable.<\/p>\n<p>Los datos recabados hacen referencia, por ejemplo a: nombre, apellidos, raz\u00f3n social, datos del registro civil\/fiscales, profesi\u00f3n, direcci\u00f3n, tel\u00e9fono, correo electr\u00f3nico, datos bancarios y de pago.<\/p>\n<h5>2.2. Cookies y datos de navegaci\u00f3n<\/h5>\n<p>El sitio web www.embassyceramics.com utiliza cookies y tecnolog\u00edas similares para garantizar el correcto funcionamiento de los procedimientos, mejorar la experiencia de uso de las aplicaciones y recabar datos.<br \/>\nEntre los datos de navegaci\u00f3n recabados se encuentran las direcciones IP o los nombres de dominio de los ordenadores utilizados por los usuarios que se conectan al sitio, las direcciones de los recursos pedidos, el horario de la solicitud, el m\u00e9todo utilizado a la hora de enviar la solicitud al servidor, el tama\u00f1o del archivo obtenido como respuesta, el c\u00f3digo n\u00famero que indica el estado de la respuesta dada por el servidor (enviada correctamente, error, etc.) y otros par\u00e1metros relativos al sistema operativo y al entorno inform\u00e1tico del usuario.<\/p>\n<p>&nbsp;<\/p>\n<h3 style=\"font-size: 30px; font-weight: 400;\">3. FINALIDAD Y BASE JUR\u00cdDICA DEL TRATAMIENTO<\/h3>\n<p>Los datos personales se tratan para:<\/p>\n<p>\u2022 cumplir con las obligaciones previstas en la ley, en un reglamento, en la normativa comunitaria o en una orden de la Autoridad;<br \/>\n\u2022 fines de mercadotecnia (entre los que se encuentran comunicaciones comerciales, promociones e invitaciones a eventos, boletines de noticias y comunicaciones para las iniciativas empresariales);<br \/>\n\u2022 fines de elaboraci\u00f3n de perfiles para actividades de marketing.<br \/>\n\u2022 ejercer un inter\u00e9s leg\u00edtimo as\u00ed como un derecho del Responsable (por ejemplo: el derecho de defensa en sede judicial, la protecci\u00f3n de las posiciones acreedoras; las necesidades internas habituales de tipo operativo, de gesti\u00f3n y contable).<br \/>\n\u2022 cerrar relaciones contractuales y otorgar encargos profesionales;<br \/>\n\u2022 proceder a la valoraci\u00f3n\/contrataci\u00f3n de personal nuevo y gestionar la relaci\u00f3n laboral;<br \/>\n\u2022 cumplir con las obligaciones precontractuales, contractuales, administrativas y fiscales derivadas de las relaciones en curso, as\u00ed como gestionar las comunicaciones necesarias vinculadas a dichas obligaciones y la protecci\u00f3n de los derechos derivados de la relaci\u00f3n;<\/p>\n<p>Dichas finalidades representan, de conformidad con el Art. 6, apartados b,c,f del RGPD, las bases jur\u00eddicas adecuadas de licitud del tratamiento. En caso de que se deseen efectuar tratamientos para fines distintos se solicitar\u00e1 el consentimiento expreso a los interesados.<\/p>\n<p>La ausencia de consentimiento para el tratamiento de los datos personales imposibilitar\u00e1 la instauraci\u00f3n de la relaci\u00f3n con el Responsable.<\/p>\n<p>&nbsp;<\/p>\n<h3 style=\"font-size: 30px; font-weight: 400;\">4. MODALIDAD DEL TRATAMIENTO<\/h3>\n<p>Los datos personales se someten al tratamiento de conformidad con el art. 4 n.\u00ba 2) del RGPD tanto modalidad electr\u00f3nica y\/o automatizada como en papel. El Responsable tratar\u00e1 los datos personales durante el tiempo que sea necesario para cumplir con las finalidades para las que se han recabado y con las correspondientes obligaciones legales.<\/p>\n<p>&nbsp;<\/p>\n<h3 style=\"font-size: 30px; font-weight: 400;\">5. \u00c1MBITO DEL TRATAMIENTO<\/h3>\n<p>Los datos los tratan personas internas regularmente autorizadas e instruidas de conformidad con el Art.29 del RGPD. El Interesado podr\u00e1 solicitar el \u00e1mbito de comunicaci\u00f3n de sus datos personales, obteniendo indicaciones sobre los sujetos externos que operan en calidad de Encargados o Responsables aut\u00f3nomos del tratamiento (asesores, t\u00e9cnicos, instituciones bancarias, transportistas, etc. En caso de que sea necesario, en el \u00e1mbito de licitaciones\/contratos p\u00fablicos o para el cumplimiento de las obligaciones normativas (por ejemplo: responsabilidad solidaria, contra la corrupci\u00f3n, contra la mafia, contra el blanqueo de capitales, etc.), adquirir de los clientes\/proveedores datos personales de sus empleados, las partes acuerdan que Embassy Ceramics (Tagama Export, S.L.) estar\u00e1 legitimada para el tratamiento en calidad de Responsable externo (Art. 28 del RGPD) o de sujeto autorizado (Art. 29 del RGPD). En el \u00e1mbito de dicha relaci\u00f3n Embassy Ceramics (Tagama Export, S.L.) se comprometen a tratar dichos datos respetando los requisitos de conformidad establecidos en el RGPD y garantizando la posible comunicaci\u00f3n a terceros exclusivamente en el \u00e1mbito de obligaciones legales espec\u00edficas.<\/p>\n<p>&nbsp;<\/p>\n<h3 style=\"font-size: 30px; font-weight: 400;\">6. DESTINATARIOS DE LOS DATOS<\/h3>\n<p>Los datos personales podr\u00e1n comunicarse a sujetos externos que operen en calidad de responsables del tratamiento, a t\u00edtulo ejemplificativo, autoridades y \u00f3rganos de vigilancia y control y, en general sujetos, p\u00fablicos o privados, legitimados a solicitar los datos como, por ejemplo:<\/p>\n<p>\u2022 Administraciones Financieras y otras Entidades y Empresas p\u00fablicas para cumplir con las obligaciones normativas.<br \/>\n\u2022 Administraciones Financieras y otras Entidades y Empresas p\u00fablicas a petici\u00f3n de las mismas.<br \/>\nLos datos podr\u00e1n tratarlos, por cuenta del Responsable, sujetos externos designados como encargados del tratamiento, que desarrollan, por cuenta del Responsable, actividades espec\u00edficas como, por ejemplo:<br \/>\n\u2022 Agentes, comerciales de nuestra empresa.<br \/>\n\u2022 Empresas transitarias para el env\u00edo de lo que se haya pedido.<br \/>\n\u2022 Instituciones bancarias para la gesti\u00f3n de los pagos.<br \/>\n\u2022 Agencias, u otros sujetos, encargados de efectuar informaci\u00f3n comercial o enviar material publicitario o informativo.<br \/>\n\u2022 Empresas de informaci\u00f3n comercial.<br \/>\n\u2022 Empresas y despachos de abogados para la protecci\u00f3n de los derechos derivados del contrato.<br \/>\n\u2022 Sistemas informativos de Embassy Ceramics (Tagama Export, S.L.) y empresas de subcontrataci\u00f3n para la gesti\u00f3n y la conservaci\u00f3n de los datos<\/p>\n<p>&nbsp;<\/p>\n<h3 style=\"font-size: 30px; font-weight: 400;\">7. DERECHOS DEL INTERESADO<\/h3>\n<p>Embassy Ceramics (Tagama Export, S.L.) garantiza que se pueden ejercer en cualquier momento los derechos previstos en el art. 12 del RGPD. En particular, se tiene derecho a:<\/p>\n<p>\u2022 saber si el Responsable posee y\/o trata datos personales relativos a la persona y a acceder a ellos \u00edntegramente incluso obteniendo una copia (Art. 15 Derecho de acceso),<br \/>\n\u2022 rectificar los datos personales inexactos o integrar los datos personales incompletos (Art. 16 Derecho de rectificaci\u00f3n);<br \/>\n\u2022 suprimir los datos personales que el Responsable posee si existe uno de los motivos previstos en el RGPD (Art. 17 Derecho de supresi\u00f3n);<br \/>\n\u2022 solicitar al Responsable que limite el tratamiento de algunos datos personales si existe uno de los motivos previstos en el Reglamento (Art. 18 Derecho de limitaci\u00f3n del tratamiento);<br \/>\n\u2022 solicitar y recibir todos los datos personales tratados por el responsable, en formato estructurado, de uso com\u00fan y legibles por un dispositivo autom\u00e1tico o solicitar la transmisi\u00f3n a otro Responsable sin impedimentos (Art. 20, Derecho de portabilidad);<br \/>\n\u2022 oponerse, en todo o en parte, al tratamiento de los datos con fines de env\u00edo de material publicitario e investigaciones de mercado (art. 21 Derecho de oposici\u00f3n)<br \/>\n\u2022 oponerse, en todo o en parte, al tratamiento de los datos en modalidad autom\u00e1tica o semiautom\u00e1tica con fines de elaboraci\u00f3n de perfiles.<br \/>\n\u2022 presentar una reclamaci\u00f3n a la Autoridad de control competente en el Estado Miembro en el que el Interesado reside o trabaja o en el Estado en el que se ha comprobado la presunta violaci\u00f3n.<\/p>\n<p>El ejercicio de estos derechos puede ejercerse mediante comunicaci\u00f3n al Responsable del Tratamiento escribiendo a la siguiente direcci\u00f3n de correo electr\u00f3nico: <a href=\"mailto:admin@embassyceramics.com\">admin@embassyceramics.com<\/a>[\/vc_column_text][\/vc_column][\/vc_row]\n","protected":false},"excerpt":{"rendered":"<p>[vc_row type=\u00bbin_container\u00bb full_screen_row_position=\u00bbmiddle\u00bb column_margin=\u00bbdefault\u00bb scene_position=\u00bbcenter\u00bb text_color=\u00bbdark\u00bb text_align=\u00bbleft\u00bb top_padding=\u00bb4%\u00bb bottom_padding=\u00bb5%\u00bb overlay_strength=\u00bb0.3&#8243; shape_divider_position=\u00bbbottom\u00bb bg_image_animation=\u00bbnone\u00bb shape_type=\u00bb\u00bb][vc_column column_padding=\u00bbno-extra-padding\u00bb column_padding_position=\u00bball\u00bb background_color_opacity=\u00bb1&#8243; background_hover_color_opacity=\u00bb1&#8243; column_link_target=\u00bb_self\u00bb column_shadow=\u00bbnone\u00bb column_border_radius=\u00bbnone\u00bb width=\u00bb1\/1&#8243; tablet_width_inherit=\u00bbdefault\u00bb tablet_text_alignment=\u00bbdefault\u00bb phone_text_alignment=\u00bbdefault\u00bb overlay_strength=\u00bb0.3&#8243;&#8230;<\/p>\n","protected":false},"author":1,"featured_media":0,"parent":0,"menu_order":0,"comment_status":"closed","ping_status":"closed","template":"","meta":{"footnotes":""},"class_list":["post-1878","page","type-page","status-publish"],"_links":{"self":[{"href":"https:\/\/embassyceramics.com\/es\/wp-json\/wp\/v2\/pages\/1878","targetHints":{"allow":["GET"]}}],"collection":[{"href":"https:\/\/embassyceramics.com\/es\/wp-json\/wp\/v2\/pages"}],"about":[{"href":"https:\/\/embassyceramics.com\/es\/wp-json\/wp\/v2\/types\/page"}],"author":[{"embeddable":true,"href":"https:\/\/embassyceramics.com\/es\/wp-json\/wp\/v2\/users\/1"}],"replies":[{"embeddable":true,"href":"https:\/\/embassyceramics.com\/es\/wp-json\/wp\/v2\/comments?post=1878"}],"version-history":[{"count":0,"href":"https:\/\/embassyceramics.com\/es\/wp-json\/wp\/v2\/pages\/1878\/revisions"}],"wp:attachment":[{"href":"https:\/\/embassyceramics.com\/es\/wp-json\/wp\/v2\/media?parent=1878"}],"curies":[{"name":"wp","href":"https:\/\/api.w.org\/{rel}","templated":true}]}}