{"id":1865,"date":"2019-11-28T12:48:53","date_gmt":"2019-11-28T10:48:53","guid":{"rendered":"https:\/\/embassyceramics.com\/?page_id=1865"},"modified":"2019-11-28T12:51:08","modified_gmt":"2019-11-28T10:51:08","slug":"aviso-legal","status":"publish","type":"page","link":"https:\/\/embassyceramics.com\/es\/aviso-legal\/","title":{"rendered":"AVISO LEGAL"},"content":{"rendered":"[vc_row type=\u00bbin_container\u00bb full_screen_row_position=\u00bbmiddle\u00bb column_margin=\u00bbdefault\u00bb scene_position=\u00bbcenter\u00bb text_color=\u00bbdark\u00bb text_align=\u00bbleft\u00bb top_padding=\u00bb4%\u00bb bottom_padding=\u00bb5%\u00bb overlay_strength=\u00bb0.3&#8243; shape_divider_position=\u00bbbottom\u00bb bg_image_animation=\u00bbnone\u00bb shape_type=\u00bb\u00bb][vc_column column_padding=\u00bbno-extra-padding\u00bb column_padding_position=\u00bball\u00bb background_color_opacity=\u00bb1&#8243; background_hover_color_opacity=\u00bb1&#8243; column_link_target=\u00bb_self\u00bb column_shadow=\u00bbnone\u00bb column_border_radius=\u00bbnone\u00bb width=\u00bb1\/1&#8243; tablet_width_inherit=\u00bbdefault\u00bb tablet_text_alignment=\u00bbdefault\u00bb phone_text_alignment=\u00bbdefault\u00bb overlay_strength=\u00bb0.3&#8243; column_border_width=\u00bbnone\u00bb column_border_style=\u00bbsolid\u00bb bg_image_animation=\u00bbnone\u00bb][vc_custom_heading text=\u00bbAVISO LEGAL\u00bb use_theme_fonts=\u00bbyes\u00bb][divider line_type=\u00bbNo Line\u00bb custom_height=\u00bb100&#8243;][vc_column_text]\n<h3 style=\"font-size: 30px; font-weight: 400;\">NOTA LEGAL<\/h3>\n<p>Esta p\u00e1gina Web est\u00e1 administrada por Tagama Export, S.L.<\/p>\n<p>El acceso y la utilizaci\u00f3n de esta p\u00e1gina Web se rigen por la ley espa\u00f1ola.<\/p>\n<p>El contenido de esta p\u00e1gina Web es propiedad de Tagama Export, S.L. y est\u00e1 prohibido reproducir total o parcialmente su contenido.<\/p>\n<p>Cualquier solicitud y\/o aclaraci\u00f3n referente al uso de la marca o del material expuesto en esta p\u00e1gina web, deber\u00e1 dirigirse al formulario de contacto.<\/p>\n<p>&nbsp;<\/p>\n<h3 style=\"font-size: 30px; font-weight: 400;\">LIMITACI\u00d3N DE RESPONSABILIDAD<\/h3>\n<p>La informaci\u00f3n que aparece en esta p\u00e1gina web es lo m\u00e1s exacta posible, pero no debe considerarse legalmente vinculante.<\/p>\n<p>Las dimensiones, los colores y las tonalidades de los productos representados en la p\u00e1gina Web deben considerarse meramente orientativos y podr\u00edan no corresponder a los originales. Asimismo, Tagama Export, S.L. se reserva el derecho de modificar y actualizar los productos que aparecen en la p\u00e1gina Web, en cualquier momento y sin previo aviso.<\/p>\n<p>Este sitio web puede contener informaci\u00f3n inexacta y errores tipogr\u00e1ficos. Tagama Export, S.L. declina toda responsabilidad debido a p\u00e9rdidas o da\u00f1os ocasionados o relacionados con el encargo realizado por los usuarios del Sitio web con base en la informaci\u00f3n ofrecida en el mismo. Por lo tanto, el usuario asume la responsabilidad de valorar de forma independiente la exactitud de la informaci\u00f3n publicada en este sitio web.<\/p>\n<p>Tagama Export, S.L. no tendr\u00e1 responsabilidad, ni contractual ni extracontractual, por cualquier da\u00f1o directo o indirecto, actual o potencial, espec\u00edfico o gen\u00e9rico, que pudiera derivarse de la utilizaci\u00f3n, de la falta de utilizaci\u00f3n o del rendimiento de cualquier producto, informaci\u00f3n o contenido ofrecido en este sitio web (y todo ello con independencia de que Tagama Export, S.L. supiera o no que tal da\u00f1o podr\u00eda producirse). Debido a que algunas jurisdicciones no permiten la exclusi\u00f3n o limitaci\u00f3n de responsabilidad por da\u00f1os directos o indirectos, algunas de las limitaciones anteriormente mencionadas podr\u00edan no ser de aplicaci\u00f3n.<\/p>\n<p>&nbsp;<\/p>\n<h3 style=\"font-size: 30px; font-weight: 400;\">EXONERACI\u00d3N DE RESPONSABILIDAD<\/h3>\n<p>Mediante el acceso al sitio web, usted se obliga a exonerar, mantener indemne y defender a Tagama Export, S.L. a sus sociedades participadas y vinculadas, a sus empleados, administradores y accionistas de cualquier pretensi\u00f3n por parte de terceros (incluidos los gastos legales y judiciales que razonablemente se hubieran sufragado en relaci\u00f3n con las mismas), sobre la utilizaci\u00f3n que Usted haga del sitio web o en relaci\u00f3n con la misma.<\/p>\n<p>&nbsp;<\/p>\n<h3 style=\"font-size: 30px; font-weight: 400;\">ENLACES E INFORMACI\u00d3N DE TERCERAS FUENTES<\/h3>\n<p>Este sitio puede contener reenv\u00edos a otros sitios web (\u2018Enlaces\/Links\u2019). Tagama Export, S.L. declina toda responsabilidad en relaci\u00f3n con los contenidos y materiales accesibles en tales sitios o que de cualquier modo puedan obtenerse mediante ellos. Todos los enlaces a otros sitios, as\u00ed como cualquier referencia a informaci\u00f3n procedente de terceras fuentes, no podr\u00e1n considerarse de ninguna manera como una garant\u00eda expresa o impl\u00edcita por parte de Tagama Export, S.L.. Cualquier pregunta o comentario relativo a los sitios a los que se accede a trav\u00e9s de los enlaces deber\u00e1n dirigirse exclusivamente a los administradores de tales sitios. Adem\u00e1s, este sitio web puede contener informaci\u00f3n proveniente de terceras fuentes, que se indicar\u00e1n debidamente en cada ocasi\u00f3n, a las que Ud. deber\u00e1 dirigirse exclusivamente para cualquier cuesti\u00f3n relacionada con su exactitud, veracidad y contenido.[\/vc_column_text][\/vc_column][\/vc_row]\n","protected":false},"excerpt":{"rendered":"<p>[vc_row type=\u00bbin_container\u00bb full_screen_row_position=\u00bbmiddle\u00bb column_margin=\u00bbdefault\u00bb scene_position=\u00bbcenter\u00bb text_color=\u00bbdark\u00bb text_align=\u00bbleft\u00bb top_padding=\u00bb4%\u00bb bottom_padding=\u00bb5%\u00bb overlay_strength=\u00bb0.3&#8243; shape_divider_position=\u00bbbottom\u00bb bg_image_animation=\u00bbnone\u00bb shape_type=\u00bb\u00bb][vc_column column_padding=\u00bbno-extra-padding\u00bb column_padding_position=\u00bball\u00bb background_color_opacity=\u00bb1&#8243; background_hover_color_opacity=\u00bb1&#8243; column_link_target=\u00bb_self\u00bb column_shadow=\u00bbnone\u00bb column_border_radius=\u00bbnone\u00bb width=\u00bb1\/1&#8243; tablet_width_inherit=\u00bbdefault\u00bb tablet_text_alignment=\u00bbdefault\u00bb phone_text_alignment=\u00bbdefault\u00bb overlay_strength=\u00bb0.3&#8243;&#8230;<\/p>\n","protected":false},"author":1,"featured_media":0,"parent":0,"menu_order":0,"comment_status":"closed","ping_status":"closed","template":"","meta":{"footnotes":""},"class_list":["post-1865","page","type-page","status-publish"],"_links":{"self":[{"href":"https:\/\/embassyceramics.com\/es\/wp-json\/wp\/v2\/pages\/1865","targetHints":{"allow":["GET"]}}],"collection":[{"href":"https:\/\/embassyceramics.com\/es\/wp-json\/wp\/v2\/pages"}],"about":[{"href":"https:\/\/embassyceramics.com\/es\/wp-json\/wp\/v2\/types\/page"}],"author":[{"embeddable":true,"href":"https:\/\/embassyceramics.com\/es\/wp-json\/wp\/v2\/users\/1"}],"replies":[{"embeddable":true,"href":"https:\/\/embassyceramics.com\/es\/wp-json\/wp\/v2\/comments?post=1865"}],"version-history":[{"count":0,"href":"https:\/\/embassyceramics.com\/es\/wp-json\/wp\/v2\/pages\/1865\/revisions"}],"wp:attachment":[{"href":"https:\/\/embassyceramics.com\/es\/wp-json\/wp\/v2\/media?parent=1865"}],"curies":[{"name":"wp","href":"https:\/\/api.w.org\/{rel}","templated":true}]}}