{"id":1235,"date":"2019-11-02T00:06:40","date_gmt":"2019-11-01T22:06:40","guid":{"rendered":"https:\/\/embassyceramics.com\/contact\/"},"modified":"2023-10-15T09:22:41","modified_gmt":"2023-10-15T07:22:41","slug":"contact","status":"publish","type":"page","link":"https:\/\/embassyceramics.com\/es\/contact\/","title":{"rendered":"Contacto"},"content":{"rendered":"[vc_row type=\u00bbfull_width_background\u00bb full_screen_row_position=\u00bbmiddle\u00bb equal_height=\u00bbyes\u00bb content_placement=\u00bbtop\u00bb column_margin=\u00bb90px\u00bb bg_color=\u00bb#ffffff\u00bb scene_position=\u00bbcenter\u00bb text_color=\u00bbcustom\u00bb custom_text_color=\u00bb#626e76&#8243; text_align=\u00bbleft\u00bb top_padding=\u00bb8%\u00bb bottom_padding=\u00bb8%\u00bb overlay_strength=\u00bb0.3&#8243; shape_divider_position=\u00bbbottom\u00bb bg_image_animation=\u00bbnone\u00bb shape_type=\u00bb\u00bb][vc_column column_padding=\u00bbno-extra-padding\u00bb column_padding_position=\u00bball\u00bb background_color_opacity=\u00bb1&#8243; background_hover_color_opacity=\u00bb1&#8243; column_link_target=\u00bb_self\u00bb column_shadow=\u00bbnone\u00bb column_border_radius=\u00bbnone\u00bb width=\u00bb2\/3&#8243; tablet_width_inherit=\u00bbdefault\u00bb tablet_text_alignment=\u00bbdefault\u00bb phone_text_alignment=\u00bbdefault\u00bb overlay_strength=\u00bb0.3&#8243; column_border_width=\u00bbnone\u00bb column_border_style=\u00bbsolid\u00bb bg_image_animation=\u00bbnone\u00bb]<div role=\"form\" class=\"wpcf7\" id=\"wpcf7-f1242-o1\" lang=\"es-ES\" dir=\"ltr\">\n<div class=\"screen-reader-response\"><\/div>\n<form action=\"\/es\/wp-json\/wp\/v2\/pages\/1235#wpcf7-f1242-o1\" method=\"post\" class=\"wpcf7-form\" novalidate=\"novalidate\">\n<div style=\"display: none;\">\n<input type=\"hidden\" name=\"_wpcf7\" value=\"1242\" \/>\n<input type=\"hidden\" name=\"_wpcf7_version\" value=\"5.1.6\" \/>\n<input type=\"hidden\" name=\"_wpcf7_locale\" value=\"es_ES\" \/>\n<input type=\"hidden\" name=\"_wpcf7_unit_tag\" value=\"wpcf7-f1242-o1\" \/>\n<input type=\"hidden\" name=\"_wpcf7_container_post\" value=\"0\" \/>\n<input type=\"hidden\" name=\"g-recaptcha-response\" value=\"\" \/>\n<\/div>\n<div  class=\"row\">\n<div class=\"col span_12\">\n  <label >NOMBRE*<\/label><br \/>\n    <span class=\"wpcf7-form-control-wrap nombre\"><input type=\"text\" name=\"nombre\" value=\"\" size=\"40\" class=\"wpcf7-form-control wpcf7-text wpcf7-validates-as-required\" aria-required=\"true\" aria-invalid=\"false\" \/><\/span>\n  <\/div>\n<\/div>\n<div  class=\"row\">\n<div class=\"col span_12\">\n  <label >EMPRESA*<\/label><br \/>\n    <span class=\"wpcf7-form-control-wrap company\"><input type=\"text\" name=\"company\" value=\"\" size=\"40\" class=\"wpcf7-form-control wpcf7-text wpcf7-validates-as-required\" aria-required=\"true\" aria-invalid=\"false\" \/><\/span>\n  <\/div>\n<\/div>\n<div style=\"margin-bottom: 30px; margin-top: 30px;\" class=\"row\">\n<div class=\"col span_12\">\n\t  <span class=\"wpcf7-form-control-wrap checkbox-947\"><span class=\"wpcf7-form-control wpcf7-checkbox\"><span class=\"wpcf7-list-item first last\"><label><input type=\"checkbox\" name=\"checkbox-947[]\" value=\"Quiero recibir el catalogo electr\u00f3nico\" \/><span class=\"wpcf7-list-item-label\">Quiero recibir el catalogo electr\u00f3nico<\/span><\/label><\/span><\/span><\/span>\n  <\/div>\n<\/div>\n<div  class=\"row\">\n<div class=\"col span_6\">\n  <label >EMAIL*<\/label><br \/>\n    <span class=\"wpcf7-form-control-wrap email\"><input type=\"email\" name=\"email\" value=\"\" size=\"40\" class=\"wpcf7-form-control wpcf7-text wpcf7-email wpcf7-validates-as-required wpcf7-validates-as-email\" aria-required=\"true\" aria-invalid=\"false\" \/><\/span>\n  <\/div>\n<div class=\"col span_6\">\n  <label>TEL\u00c9FONO*<\/label><br \/>\n    <span class=\"wpcf7-form-control-wrap telefono\"><input type=\"text\" name=\"telefono\" value=\"\" size=\"40\" class=\"wpcf7-form-control wpcf7-text wpcf7-validates-as-required\" aria-required=\"true\" aria-invalid=\"false\" \/><\/span>\n  <\/div>\n<\/div>\n<div style=\"margin-bottom: 30px;\" ><label >MENSAJE*<\/label><br \/>\n    <span class=\"wpcf7-form-control-wrap mensaje\"><textarea name=\"mensaje\" cols=\"100\" rows=\"5\" class=\"wpcf7-form-control wpcf7-textarea wpcf7-validates-as-required\" aria-required=\"true\" aria-invalid=\"false\"><\/textarea><\/span> <\/div>\n<p style=\"font-size: 12px; line-height: 18px !important; color: #9f9f9f !important; font-weight: 400;\">En Embassy Ceramics nos gustar\u00eda seguir asesor\u00e1ndote e inform\u00e1ndote. Para ello necesitamos su consentimiento relativo a la protecci\u00f3n de datos en el almacenamiento y uso de sus datos<\/p>\n<p><span class=\"wpcf7-form-control-wrap privacidad\"><span class=\"wpcf7-form-control wpcf7-acceptance\"><span class=\"wpcf7-list-item\"><label><input type=\"checkbox\" name=\"privacidad\" value=\"1\" aria-invalid=\"false\" \/><span class=\"wpcf7-list-item-label\"><span style=\"font-size: 11px; color: #9f9f9f !important; font-weight: 400;\">S\u00ed, acepto la <a style=\"color: #1d1d1d; text-decoration: underline;\" href=\"https:\/\/embassyceramics.com\/es\/politica-de-privacidad\" target=\"_blank\">Pol\u00edtica de Privacidad<\/a> y <a style=\"color: #1d1d1d; text-decoration: underline;\" href=\"https:\/\/embassyceramics.com\/es\/aviso-legal\/\" target=\"_blank\">Aviso Legal<\/a> de Embassy Ceramics.<\/span><\/span><\/label><\/span><\/span><\/span><\/p>\n<p><br\/><input type=\"submit\" value=\"ENVIAR\" class=\"wpcf7-form-control wpcf7-submit\" \/><\/p>\n<hr style=\"background-color: #F5F5F5; width: 100%; height: 2px; border: none; margin-top: 75px !important; margin-bottom: 25px !important; text-align: left !important\" \/>\n<br\/><\/p>\n<p><b>Responsable<\/b><\/p>\n<p style=\"text-transform: none !important; line-height: 18px !important;\">Embassy Ceramics<br \/>\nPaseo de las Delicias 1, 41001 Sevilla, Spain <\/p>\n<p><b>\u00bfPara qu\u00e9 necesitamos tratar sus datos?<\/b><\/p>\n<p style=\"text-transform: none !important; line-height: 18px !important;\">Trataremos tus datos para gestionar tu solicitud e informarle de forma personalizada. Adicionalmente, trataremos los datos para otras finalidades si nos prestas tu consentimiento expreso a cada una de ellas. <\/p>\n<p><b>Derechos <\/b><\/p>\n<p style=\"text-transform: none !important; line-height: 18px !important;\">Puedes ejercer los derechos relacionados con tus datos personales, como por ejemplo de acceso, rectificaci\u00f3n o supresi\u00f3n. Tambi\u00e9n puede presentar una reclamaci\u00f3n ante la Agencia Espa\u00f1ola de Protecci\u00f3n de Datos. Dispones de la informaci\u00f3n necesaria en: www.agpd.es.<\/p>\n<p><b>Informaci\u00f3n adicional<\/b><\/p>\n<p style=\"text-transform: none !important; line-height: 18px !important;\">Podr\u00e1s encontrar informaci\u00f3n adicional sobre el tratamiento de tus datos de car\u00e1cter personal en nuestra <a style=\"color: #1d1d1d; text-decoration: underline;\" href=\"https:\/\/embassyceramics.com\/es\/politica-de-privacidad\" target=\"_blank\">Pol\u00edtica de Privacidad<\/a>.<\/p>\n<div class=\"wpcf7-response-output wpcf7-display-none\"><\/div><\/form><\/div>[\/vc_column][vc_column column_padding=\u00bbpadding-2-percent\u00bb column_padding_position=\u00bbtop-bottom\u00bb background_color_opacity=\u00bb1&#8243; background_hover_color_opacity=\u00bb1&#8243; column_link_target=\u00bb_self\u00bb column_shadow=\u00bbnone\u00bb column_border_radius=\u00bbnone\u00bb width=\u00bb1\/3&#8243; tablet_width_inherit=\u00bbdefault\u00bb tablet_text_alignment=\u00bbdefault\u00bb phone_text_alignment=\u00bbdefault\u00bb overlay_strength=\u00bb0.3&#8243; column_border_width=\u00bbnone\u00bb column_border_style=\u00bbsolid\u00bb bg_image_animation=\u00bbnone\u00bb][vc_custom_heading text=\u00bbCONTACTO\u00bb font_container=\u00bbtag:h1|text_align:left|color:%23626e76&#8243; use_theme_fonts=\u00bbyes\u00bb][divider line_type=\u00bbSmall Line\u00bb line_alignment=\u00bbdefault\u00bb line_thickness=\u00bb1&#8243; divider_color=\u00bbdefault\u00bb custom_line_width=\u00bb50&#8243;][vc_column_text]T. + 34 961 060 282<br \/>\nT. + 34 605 946 797<\/p>\n<h6>OFICINA<\/h6>\n<p>Paseo de las Delicias 1, 41001 Sevilla, Espa\u00f1a<\/p>\n<h6>F\u00c1BRICA<\/h6>\n<p>Valencia, Spain[\/vc_column_text][\/vc_column][\/vc_row]\n","protected":false},"excerpt":{"rendered":"<p>[vc_row type=\u00bbfull_width_background\u00bb full_screen_row_position=\u00bbmiddle\u00bb equal_height=\u00bbyes\u00bb content_placement=\u00bbtop\u00bb column_margin=\u00bb90px\u00bb bg_color=\u00bb#ffffff\u00bb scene_position=\u00bbcenter\u00bb text_color=\u00bbcustom\u00bb custom_text_color=\u00bb#626e76&#8243; text_align=\u00bbleft\u00bb top_padding=\u00bb8%\u00bb bottom_padding=\u00bb8%\u00bb overlay_strength=\u00bb0.3&#8243; shape_divider_position=\u00bbbottom\u00bb bg_image_animation=\u00bbnone\u00bb shape_type=\u00bb\u00bb][vc_column column_padding=\u00bbno-extra-padding\u00bb column_padding_position=\u00bball\u00bb background_color_opacity=\u00bb1&#8243; background_hover_color_opacity=\u00bb1&#8243; column_link_target=\u00bb_self\u00bb column_shadow=\u00bbnone\u00bb column_border_radius=\u00bbnone\u00bb width=\u00bb2\/3&#8243;&#8230;<\/p>\n","protected":false},"author":1,"featured_media":0,"parent":0,"menu_order":0,"comment_status":"closed","ping_status":"closed","template":"","meta":{"footnotes":""},"class_list":["post-1235","page","type-page","status-publish"],"_links":{"self":[{"href":"https:\/\/embassyceramics.com\/es\/wp-json\/wp\/v2\/pages\/1235","targetHints":{"allow":["GET"]}}],"collection":[{"href":"https:\/\/embassyceramics.com\/es\/wp-json\/wp\/v2\/pages"}],"about":[{"href":"https:\/\/embassyceramics.com\/es\/wp-json\/wp\/v2\/types\/page"}],"author":[{"embeddable":true,"href":"https:\/\/embassyceramics.com\/es\/wp-json\/wp\/v2\/users\/1"}],"replies":[{"embeddable":true,"href":"https:\/\/embassyceramics.com\/es\/wp-json\/wp\/v2\/comments?post=1235"}],"version-history":[{"count":6,"href":"https:\/\/embassyceramics.com\/es\/wp-json\/wp\/v2\/pages\/1235\/revisions"}],"predecessor-version":[{"id":1943,"href":"https:\/\/embassyceramics.com\/es\/wp-json\/wp\/v2\/pages\/1235\/revisions\/1943"}],"wp:attachment":[{"href":"https:\/\/embassyceramics.com\/es\/wp-json\/wp\/v2\/media?parent=1235"}],"curies":[{"name":"wp","href":"https:\/\/api.w.org\/{rel}","templated":true}]}}