{"id":1879,"date":"2019-11-28T13:33:26","date_gmt":"2019-11-28T11:33:26","guid":{"rendered":"https:\/\/embassyceramics.com\/?page_id=1879"},"modified":"2019-11-28T13:37:29","modified_gmt":"2019-11-28T11:37:29","slug":"datenschutzerklaerung","status":"publish","type":"page","link":"https:\/\/embassyceramics.com\/de\/datenschutzerklaerung\/","title":{"rendered":"Datenschutzerkl\u00e4rung"},"content":{"rendered":"[vc_row type=&#8220;in_container&#8220; full_screen_row_position=&#8220;middle&#8220; column_margin=&#8220;default&#8220; scene_position=&#8220;center&#8220; text_color=&#8220;dark&#8220; text_align=&#8220;left&#8220; top_padding=&#8220;4%&#8220; bottom_padding=&#8220;5%&#8220; overlay_strength=&#8220;0.3&#8243; shape_divider_position=&#8220;bottom&#8220; bg_image_animation=&#8220;none&#8220; shape_type=&#8220;&#8220;][vc_column column_padding=&#8220;no-extra-padding&#8220; column_padding_position=&#8220;all&#8220; background_color_opacity=&#8220;1&#8243; background_hover_color_opacity=&#8220;1&#8243; column_link_target=&#8220;_self&#8220; column_shadow=&#8220;none&#8220; column_border_radius=&#8220;none&#8220; width=&#8220;1\/1&#8243; tablet_width_inherit=&#8220;default&#8220; tablet_text_alignment=&#8220;default&#8220; phone_text_alignment=&#8220;default&#8220; overlay_strength=&#8220;0.3&#8243; column_border_width=&#8220;none&#8220; column_border_style=&#8220;solid&#8220; bg_image_animation=&#8220;none&#8220;][vc_custom_heading text=&#8220;DATENSCHUTZERKL\u00c4RUNG DSGVO&#8220; use_theme_fonts=&#8220;yes&#8220;][divider line_type=&#8220;No Line&#8220; custom_height=&#8220;100&#8243;][vc_column_text]\n<h3 style=\"font-size: 30px; font-weight: 400;\">1. ALLGEMEINE INFORMATIONEN<\/h3>\n<p>Wir weisen darauf hin, dass die Verbindungsaufnahme mit Embassy Ceramics (Tagama Export S.L.) die Verarbeitung personenbezogener Daten in \u00dcbereinstimmung mit den folgenden allgemeinen Grunds\u00e4tzen beinhalten kann:<\/p>\n<p>\u2022 Alle Daten werden auf rechtm\u00e4\u00dfige Weise, nach Treue und Glauben und in einer f\u00fcr die betroffene Person nachvollziehbaren Weise unter Beachtung der von Art. 5 DSGVO vorgesehenen allgemeinen Grunds\u00e4tze verarbeitet;<br \/>\n\u2022 Es werden spezifische Sicherheitsvorkehrungen getroffen, um den Verlust von Daten, die unrechtm\u00e4\u00dfige oder nicht korrekte Nutzung derselben, die Ab\u00e4nderung der Daten und den unbefugten Zugang zu verhindern.<\/p>\n<p>Verantwortliche:<br \/>\nTagama Export, S.L.<br \/>\nE-Mail-Adresse: <a href=\"mailto:admin@embassyceramics.com\">admin@embassyceramics.com<\/a><\/p>\n<p>&nbsp;<\/p>\n<h3 style=\"font-size: 30px; font-weight: 400;\">2. GEGENSTAND DER VERARBEITUNG<\/h3>\n<p>Der Verantwortliche kann die folgenden Arten von Daten erheben:<\/p>\n<h5>2.1. Verarbeitete personenbezogene Daten<\/h5>\n<p>Der Verantwortliche verarbeitet die personenbezogenen Daten von Kontakten, Besuchern, Kunden, Lieferanten, Kandidaten, Mitarbeitern, Inhabern von Gesellschafts\u00e4mtern, Nutzern der Websites und Dritten, die im Rahmen der vom Verantwortlichen ausge\u00fcbten Gesch\u00e4ftst\u00e4tigkeit erworben und verwendet werden.<\/p>\n<p>Zu den erhobenen Daten geh\u00f6ren zum Beispiel: Vorname, Nachname, Firmenname, Personen-\/Steuerdaten, Beruf, Adresse, Telefon, E-Mail, Bank- und Zahlungsdaten.<\/p>\n<h5>2.2. Cookies und Navigationsdaten<\/h5>\n<p>Die Website www.embassyceramics.com verwendet Cookies und \u00e4hnliche Technologien, um die korrekte Funktionsweise der Verfahren zu gew\u00e4hrleisten, die Nutzung der Anwendungen zu verbessern und Daten zu sammeln.<\/p>\n<p>In diese Kategorie von Navigationsdaten fallen die IP-Adressen oder Dom\u00e4nennamen der Computer, die von den Nutzern beim Website-Zugriff verwendet werden, die Adressen der ben\u00f6tigten Ressourcen, die Uhrzeit der Anfrage, die Methode, mit der die Anfrage an den Server gesendet wird, die Gr\u00f6\u00dfe der erhaltenen Antwortdatei, der Zahlencode betreffend den Status der Antwort des Servers (erfolgreich, fehlerhaft usw.) und weitere Parameter, die sich auf das Betriebssystem und die IT-Umgebung des Nutzers beziehen.<\/p>\n<p>&nbsp;<\/p>\n<h3 style=\"font-size: 30px; font-weight: 400;\">3. ZWECK UND RECHTSGRUNDLAGE DER VERARBEITUNG<\/h3>\n<p>Die personenbezogenen Daten werden f\u00fcr folgende Zwecke verarbeitet:<\/p>\n<p>\u2022 die Erf\u00fcllung der Verpflichtungen, die sich aus Gesetzen, Verordnungen, Gemeinschaftsvorschriften oder einer Anordnung der Beh\u00f6rde ergeben;<br \/>\n\u2022 Marketingzwecke (darunter kommerzielle Mitteilungen, Werbeaktionen und Einladungen zu Veranstaltungen, Newsletter und Mitteilungen f\u00fcr Unternehmensinitiativen);<br \/>\n\u2022 die Profilerstellung, f\u00fcr Marketingaktivit\u00e4ten;<br \/>\n\u2022 die Aus\u00fcbung eines berechtigten Interesses sowie eines Rechts des Verantwortlichen (zum Beispiel: das Recht auf Verteidigung von Rechtsanspr\u00fcchen, den Schutz der Gl\u00e4ubigerpositionen, gew\u00f6hnliche interne Betriebs-, Verwaltungs- und Rechnungslegungserfordernisse);<br \/>\n\u2022 der Abschluss von Vertragsverh\u00e4ltnissen und die Erteilung von Auftr\u00e4gen;<br \/>\n\u2022 die Beurteilung\/Anstellung neuer Mitarbeiter und die Leitung des Arbeitsverh\u00e4ltnisses;<br \/>\n\u2022 die Erf\u00fcllung der vorvertraglichen, vertraglichen, administrativen und steuerlichen Verpflichtungen, die sich aus dem bestehenden<\/p>\n<p>Verh\u00e4ltnis ergeben, sowie die Leitung der damit verbundenen notwendigen Kommunikation und der Schutz der aus dem Verh\u00e4ltnis erwachsenen Rechte.<\/p>\n<p>Die vorgenannten Zwecke stellen gem\u00e4\u00df Art. 6 Abs. b, c, f DSGVO angemessene Rechtsgrundlagen f\u00fcr die Rechtm\u00e4\u00dfigkeit der Verarbeitung dar.<\/p>\n<p>Sollte man eine Verarbeitung f\u00fcr andere Zwecke beabsichtigen, bedarf es hierzu der Zustimmung der betroffenen Personen.<\/p>\n<p>Die Nichteinwilligung in die Verarbeitung personenbezogener Daten macht den Aufbau einer Gesch\u00e4ftsbeziehung zum Verantwortlichen unm\u00f6glich.<\/p>\n<p>&nbsp;<\/p>\n<h3 style=\"font-size: 30px; font-weight: 400;\">4. METHODEN DER VERARBEITUNG<\/h3>\n<p>Personenbezogene Daten unterliegen der in Art. 4 Nr. 2) DSGVO genannten Verarbeitung und werden in Papierform als auch elektronisch und\/oder automatisiert verarbeitet. Der Verantwortliche wird personenbezogene Daten f\u00fcr den Zeitraum verarbeiten, der zur Erf\u00fcllung der Zwecke, f\u00fcr die sie erhoben wurden, und der damit verbundenen gesetzlichen Verpflichtungen erforderlich ist.<\/p>\n<p>&nbsp;<\/p>\n<h3 style=\"font-size: 30px; font-weight: 400;\">5. UMFANG DER VERARBEITUNG<\/h3>\n<p>Die Daten werden von firmeninternen Personen verarbeitet, die gem\u00e4\u00df Art. 29 DSGVO ordnungsgem\u00e4\u00df autorisiert und angewiesen wurden. Die betroffene Person kann den Umfang der \u00dcbermittlung ihrer personenbezogenen Daten anfordern und Informationen \u00fcber externe Personen einholen, die als Auftragsverarbeiter oder autonome Verantwortliche t\u00e4tig sind (Berater, Techniker, Banken, Spediteure usw.). Wenn es im Rahmen von Ausschreibungen\/Werkvertr\u00e4gen oder bei der Erf\u00fcllung von Rechtsvorschriften (z.B. gesamtschuldnerische Haftung, Korruptionsbek\u00e4mpfung, Anti-Mafia-Ma\u00dfnahmen, Ma\u00dfnahmen zur Bek\u00e4mpfung der Geldw\u00e4sche usw.) erforderlich sein sollte, bei Kunden\/Lieferanten personenbezogene Daten ihrer Mitarbeiter zu erheben, wird zwischen den Parteien vereinbart, dass Embassy Ceramics (Tagama Export, S.L.) , die als Verantwortliche auftreten, als externe Auftragsverarbeiter (Art. 28 DSGVO) oder dazu befugte Personen (Art. 29 DSGVO) Anspruch auf die Verarbeitung haben. Im Rahmen dieser Beziehung verpflichten sich Embassy Ceramics (Tagama Export, S.L.), die als Verantwortliche t\u00e4tig sind, zur Verarbeitung dieser Daten in \u00dcbereinstimmung mit den von der DSGVO vorgesehenen Konformit\u00e4tsanforderungen. Sie gew\u00e4hrleisten die eventuelle Mitteilung an weitere Personen ausschlie\u00dflich im Rahmen spezifischer gesetzlicher Verpflichtungen.<\/p>\n<p>&nbsp;<\/p>\n<h3 style=\"font-size: 30px; font-weight: 400;\">6. EMPF\u00c4NGER DER DATEN<\/h3>\n<p>Personenbezogene Daten k\u00f6nnen an externe Personen weitergegeben werden, die als Verantwortliche t\u00e4tig sind, zum Beispiel Aufsichts- und<\/p>\n<p>Kontrollbeh\u00f6rden und im Allgemeinen \u00f6ffentliche oder private Personen, die zur Datenanforderung berechtigt sind, wie beispielsweise:<\/p>\n<p>\u2022 Finanzbeh\u00f6rden und andere \u00f6ffentliche Stellen und Einrichtungen in \u00dcbereinstimmung mit den Rechtsvorschriften.<br \/>\n\u2022 Finanzbeh\u00f6rden und andere \u00f6ffentliche Stellen und Einrichtungen auf deren Verlangen.<\/p>\n<p>Die Daten k\u00f6nnen im Namen des Verantwortlichen von externen Personen verarbeitet werden, die zu Auftragsverarbeitern ernannt wurden und im Namen des Verantwortlichen bestimmte T\u00e4tigkeiten ausf\u00fchren. Das sind zum Beispiel:<\/p>\n<p>\u2022 Vertreter, Gesch\u00e4ftsvermittler unserer Gesellschaft.<br \/>\n\u2022 Spediteure f\u00fcr die Lieferung der bestellten Ware.<br \/>\n\u2022 Bankinstitute f\u00fcr die Verwaltung der Zahlungen.<br \/>\n\u2022 Vertretungen oder andere Personen, die f\u00fcr Werbe- und Marketingzwecke oder den Versand von Werbung oder Informationsmaterial zust\u00e4ndig sind.<br \/>\n\u2022 Auskunftsunternehmen.<br \/>\n\u2022 Gesellschaften und Anwaltskanzleien zum Schutz der vertraglichen Rechte.<br \/>\n\u2022 Informationssysteme der Embassy Ceramics (Tagama Export, S.L.) und Outsourcing-Unternehmen zur Verwaltung und Speicherung von Daten<\/p>\n<p>&nbsp;<\/p>\n<h3 style=\"font-size: 30px; font-weight: 400;\">7. RECHTE DER BETROFFENEN PERSON<\/h3>\n<p>Embassy Ceramics (Tagama Export, S.L.) die als Verantwortliche t\u00e4tig sind, gew\u00e4hrleisten, dass die in Artikel 12 DSGVO vorgesehenen Rechte jederzeit ausge\u00fcbt werden k\u00f6nnen. Insbesondere hat man das Recht<\/p>\n<p>\u2022 Auskunft zu erhalten, ob der Verantwortliche personenbezogene Daten \u00fcber die Person besitzt und\/oder verarbeitet, und das Recht auf uneingeschr\u00e4nkten Zugang, auch mittels einer Kopie (Art. 15 Auskunftsrecht);<br \/>\n\u2022 auf die Berichtigung unrichtiger personenbezogener Daten oder die Erg\u00e4nzung unvollst\u00e4ndiger personenbezogener Daten (Art. 16 Recht auf Berichtigung);<br \/>\n\u2022 auf die L\u00f6schung der personenbezogenen Daten, in deren Besitz sich der Verantwortliche befindet, wenn einer der in der DSGVO vorgesehenen Gr\u00fcnde vorliegt (Art. 17 Recht auf L\u00f6schung);<br \/>\n\u2022 von dem Verantwortlichen zu verlangen, dass die Verarbeitung nur auf bestimmte personenbezogene Daten beschr\u00e4nkt wird, wenn einer der in der Verordnung vorgesehenen Gr\u00fcnde vorliegt (Art. 18 Recht auf Einschr\u00e4nkung der Verarbeitung);<br \/>\n\u2022 alle vom Verantwortlichen verarbeiteten personenbezogenen Daten in einem strukturierten, g\u00e4ngigen und maschinenlesbaren Format anzufordern und zu erhalten oder die ungehinderte \u00dcbermittlung an einen anderen Verantwortlichen zu verlangen (Art. 20 Recht auf \u00dcbertragbarkeit);<br \/>\n\u2022 ganz oder teilweise Widerspruch gegen die Verarbeitung von Daten zum Zwecke der Zusendung von Werbematerial und der Marktforschung einzulegen (Art. 21 Widerspruchsrecht);<br \/>\n\u2022 ganz oder teilweise Widerspruch gegen die Verarbeitung von Daten im automatischen oder halbautomatischen Modus zu Zwecken der Profilerstellung einzulegen;<br \/>\n\u2022 eine Beschwerde bei der zust\u00e4ndigen Aufsichtsbeh\u00f6rde des Mitgliedstaates, in dem die betroffene Person wohnt oder arbeitet, oder des Staates, in dem der vermeintliche Versto\u00df stattgefunden hat, einzureichen.<\/p>\n<p>Die Aus\u00fcbung dieser Rechte kann durch Mitteilung an den Verantwortlichen unter folgender E-Mail-Adresse erfolgen: <a href=\"mailto:admin@embassyceramics.com\">admin@embassyceramics.com<\/a>[\/vc_column_text][\/vc_column][\/vc_row]\n","protected":false},"excerpt":{"rendered":"<p>[vc_row type=&#8220;in_container&#8220; full_screen_row_position=&#8220;middle&#8220; column_margin=&#8220;default&#8220; scene_position=&#8220;center&#8220; text_color=&#8220;dark&#8220; text_align=&#8220;left&#8220; top_padding=&#8220;4%&#8220; bottom_padding=&#8220;5%&#8220; overlay_strength=&#8220;0.3&#8243; shape_divider_position=&#8220;bottom&#8220; bg_image_animation=&#8220;none&#8220; shape_type=&#8220;&#8220;][vc_column column_padding=&#8220;no-extra-padding&#8220; column_padding_position=&#8220;all&#8220; background_color_opacity=&#8220;1&#8243; background_hover_color_opacity=&#8220;1&#8243; column_link_target=&#8220;_self&#8220; column_shadow=&#8220;none&#8220; column_border_radius=&#8220;none&#8220; width=&#8220;1\/1&#8243; tablet_width_inherit=&#8220;default&#8220; tablet_text_alignment=&#8220;default&#8220; phone_text_alignment=&#8220;default&#8220; overlay_strength=&#8220;0.3&#8243;&#8230;<\/p>\n","protected":false},"author":1,"featured_media":0,"parent":0,"menu_order":0,"comment_status":"closed","ping_status":"closed","template":"","meta":{"footnotes":""},"class_list":["post-1879","page","type-page","status-publish"],"_links":{"self":[{"href":"https:\/\/embassyceramics.com\/de\/wp-json\/wp\/v2\/pages\/1879","targetHints":{"allow":["GET"]}}],"collection":[{"href":"https:\/\/embassyceramics.com\/de\/wp-json\/wp\/v2\/pages"}],"about":[{"href":"https:\/\/embassyceramics.com\/de\/wp-json\/wp\/v2\/types\/page"}],"author":[{"embeddable":true,"href":"https:\/\/embassyceramics.com\/de\/wp-json\/wp\/v2\/users\/1"}],"replies":[{"embeddable":true,"href":"https:\/\/embassyceramics.com\/de\/wp-json\/wp\/v2\/comments?post=1879"}],"version-history":[{"count":0,"href":"https:\/\/embassyceramics.com\/de\/wp-json\/wp\/v2\/pages\/1879\/revisions"}],"wp:attachment":[{"href":"https:\/\/embassyceramics.com\/de\/wp-json\/wp\/v2\/media?parent=1879"}],"curies":[{"name":"wp","href":"https:\/\/api.w.org\/{rel}","templated":true}]}}