{"id":1866,"date":"2019-11-28T13:03:21","date_gmt":"2019-11-28T11:03:21","guid":{"rendered":"https:\/\/embassyceramics.com\/?page_id=1866"},"modified":"2019-11-28T13:03:21","modified_gmt":"2019-11-28T11:03:21","slug":"rechtlicher-hinweis","status":"publish","type":"page","link":"https:\/\/embassyceramics.com\/de\/rechtlicher-hinweis\/","title":{"rendered":"Rechtlicher Hinweis"},"content":{"rendered":"[vc_row type=&#8220;in_container&#8220; full_screen_row_position=&#8220;middle&#8220; column_margin=&#8220;default&#8220; scene_position=&#8220;center&#8220; text_color=&#8220;dark&#8220; text_align=&#8220;left&#8220; top_padding=&#8220;4%&#8220; bottom_padding=&#8220;5%&#8220; overlay_strength=&#8220;0.3&#8243; shape_divider_position=&#8220;bottom&#8220; bg_image_animation=&#8220;none&#8220; shape_type=&#8220;&#8220;][vc_column column_padding=&#8220;no-extra-padding&#8220; column_padding_position=&#8220;all&#8220; background_color_opacity=&#8220;1&#8243; background_hover_color_opacity=&#8220;1&#8243; column_link_target=&#8220;_self&#8220; column_shadow=&#8220;none&#8220; column_border_radius=&#8220;none&#8220; width=&#8220;1\/1&#8243; tablet_width_inherit=&#8220;default&#8220; tablet_text_alignment=&#8220;default&#8220; phone_text_alignment=&#8220;default&#8220; overlay_strength=&#8220;0.3&#8243; column_border_width=&#8220;none&#8220; column_border_style=&#8220;solid&#8220; bg_image_animation=&#8220;none&#8220;][vc_custom_heading text=&#8220;Rechtlicher Hinweis&#8220; use_theme_fonts=&#8220;yes&#8220;][divider line_type=&#8220;No Line&#8220; custom_height=&#8220;100&#8243;][vc_column_text]\n<h3 style=\"font-size: 30px; font-weight: 400;\">RECHTLICHE HINWEISE TAGAMA EXPORT<\/h3>\n<p>Dies ist eine Webseite von Tagama Export S.L.<\/p>\n<p>Der Zugriff und Gebrauch dieser Webseite werden durch die spanische Gesetzgebung geregelt.<\/p>\n<p>Alle Fragen bzw. Zweifel zum Gebrauch der Markenzeichen oder des auf der Webseite veranschaulichten Materials sind an folgendes Konaktformular zu richten: Kontakt.<\/p>\n<p>&nbsp;<\/p>\n<h3 style=\"font-size: 30px; font-weight: 400;\">HAFTUNGSBESCHR\u00c4NKUNG<\/h3>\n<p>Alle auf dieser Webseite enthaltenen Angaben sind genaustm\u00f6glich angef\u00fchrt, jedoch nicht gesetzlich bindend.<\/p>\n<p>Die Gr\u00f6\u00dfen, Farben und Farbnuancen der auf der Webseite dargestellten Produkte sind rein indikativ und stimmen unter Umst\u00e4nden nicht genau mit den reellen \u00fcberein. Tagama Export S.L. beh\u00e4lt sich dar\u00fcber hinaus das Recht vor, jederzeit und ohne Vorank\u00fcndigung \u00c4nderungen an den Produkten der Webseite vorzunehmen und diese zu aktualisieren.<\/p>\n<p>Das auf dieser Webseite enthaltene Material kann ungenaue Angaben und Druckfehler aufweisen. Tagama Export S.L. haftet nicht f\u00fcr Verluste oder Sch\u00e4den, die auf die Tatsache zur\u00fcckzuf\u00fchren oder damit verbunden sind, dass sich die User der Webseite auf die darin enthaltenen Angaben verlassen. Es obliegt daher dem User, die Genauigkeit der auf dieser Webseite ver\u00f6ffentlichten Angaben selbstst\u00e4ndig zu beurteilen.<\/p>\n<p>Tagama Export S.L. kann im Rahmen der vertraglichen oder au\u00dfervertraglichen Haftung keinesfalls f\u00fcr direkte oder indirekte, derzeitige oder potentielle, spezifische oder allgemeine Sch\u00e4den haftbar gemacht werden, die sich infolge des Gebrauchs, des nicht erfolgten Gebrauchs und der Performance eines jeglichen Produkts, einer Angabe oder des Inhalts auf der Webseite ergeben sollten (ganz unabh\u00e4ngig davon, ob Tagama Export S.L. \u00fcber die M\u00f6glichkeit einer solchen Schadensverursachung unterrichtet war). Da einige Rechtsprechungen die Haftungsausschlie\u00dfung oder \u2013beschr\u00e4nkung bei direkten oder indirekten Sch\u00e4den nicht zulassen, k\u00f6nnten einige der obigen Beschr\u00e4nkungen nicht anwendbar sein.<\/p>\n<p>&nbsp;<\/p>\n<h3 style=\"font-size: 30px; font-weight: 400;\">SCHADLOSHALTUNG<\/h3>\n<p>Mit dem Zugriff zur Webseite verpflichten Sie sich, Tagama Export S.L., ihre Tochter- und Beteiligungsgesellschaften, ihre Angestellten, Verwalter und Aktion\u00e4re von jeglicher Forderung Dritter (einschlie\u00dflich die bestrittenen angemessenen Aufwendungen an Anwalts- und Gerichtskosten) in Bezug auf Ihren Gebrauch bzw. im Zusammenhang mit Ihrem Gebrauch der Website schad- und klaglos zu halten sowie zu verteidigen.<\/p>\n<p>&nbsp;<\/p>\n<h3 style=\"font-size: 30px; font-weight: 400;\">LINKS UND INFORMATIONEN AUS DRITTQUELLEN<\/h3>\n<p>Diese Webseite kann auf andere Webseiten verweisen (\u2018Links\u2019). Tagama Export S.L. haftet nicht f\u00fcr die Inhalte und Materialien, die auf solchen Webseiten enthalten oder jedenfalls durch sie verf\u00fcgbar gemacht werden. Alle Links zu anderen Webseiten sowie alle Hinweise auf Angaben, die von Drittquellen stammen, d\u00fcrfen in keiner Weise als ausdr\u00fcckliche oder implizite B\u00fcrgschaft von Tagama Export S.L. betrachtet werden. Eventuelle Fragen und Bemerkungen zu den von den Links aufgerufenen Webseiten sind ausschlie\u00dflich an die Verwalter derselben zu richten. Diese Webseite kann ferner Angaben beinhalten, die aus Drittquellen stammen, die von Mal zu Mal ordnungsgem\u00e4\u00df genannt werden; Bei Fragen bez. ihrer Genauigkeit, Echtheit und Vollst\u00e4ndigkeit ist ausschlie\u00dflich auf sie Bezug zu nehmen.[\/vc_column_text][\/vc_column][\/vc_row]\n","protected":false},"excerpt":{"rendered":"<p>[vc_row type=&#8220;in_container&#8220; full_screen_row_position=&#8220;middle&#8220; column_margin=&#8220;default&#8220; scene_position=&#8220;center&#8220; text_color=&#8220;dark&#8220; text_align=&#8220;left&#8220; top_padding=&#8220;4%&#8220; bottom_padding=&#8220;5%&#8220; overlay_strength=&#8220;0.3&#8243; shape_divider_position=&#8220;bottom&#8220; bg_image_animation=&#8220;none&#8220; shape_type=&#8220;&#8220;][vc_column column_padding=&#8220;no-extra-padding&#8220; column_padding_position=&#8220;all&#8220; background_color_opacity=&#8220;1&#8243; background_hover_color_opacity=&#8220;1&#8243; column_link_target=&#8220;_self&#8220; column_shadow=&#8220;none&#8220; column_border_radius=&#8220;none&#8220; width=&#8220;1\/1&#8243; tablet_width_inherit=&#8220;default&#8220; tablet_text_alignment=&#8220;default&#8220; phone_text_alignment=&#8220;default&#8220; overlay_strength=&#8220;0.3&#8243;&#8230;<\/p>\n","protected":false},"author":1,"featured_media":0,"parent":0,"menu_order":0,"comment_status":"closed","ping_status":"closed","template":"","meta":{"footnotes":""},"class_list":["post-1866","page","type-page","status-publish"],"_links":{"self":[{"href":"https:\/\/embassyceramics.com\/de\/wp-json\/wp\/v2\/pages\/1866","targetHints":{"allow":["GET"]}}],"collection":[{"href":"https:\/\/embassyceramics.com\/de\/wp-json\/wp\/v2\/pages"}],"about":[{"href":"https:\/\/embassyceramics.com\/de\/wp-json\/wp\/v2\/types\/page"}],"author":[{"embeddable":true,"href":"https:\/\/embassyceramics.com\/de\/wp-json\/wp\/v2\/users\/1"}],"replies":[{"embeddable":true,"href":"https:\/\/embassyceramics.com\/de\/wp-json\/wp\/v2\/comments?post=1866"}],"version-history":[{"count":0,"href":"https:\/\/embassyceramics.com\/de\/wp-json\/wp\/v2\/pages\/1866\/revisions"}],"wp:attachment":[{"href":"https:\/\/embassyceramics.com\/de\/wp-json\/wp\/v2\/media?parent=1866"}],"curies":[{"name":"wp","href":"https:\/\/api.w.org\/{rel}","templated":true}]}}