{"id":1835,"date":"2019-09-30T10:43:35","date_gmt":"2019-09-30T10:43:35","guid":{"rendered":"https:\/\/embassyceramics.com\/cookies-policy\/"},"modified":"2019-11-28T12:47:26","modified_gmt":"2019-11-28T10:47:26","slug":"cookie-richtlinie","status":"publish","type":"page","link":"https:\/\/embassyceramics.com\/de\/cookie-richtlinie\/","title":{"rendered":"Cookie-Richtlinie"},"content":{"rendered":"[vc_row type=&#8220;in_container&#8220; full_screen_row_position=&#8220;middle&#8220; column_margin=&#8220;default&#8220; scene_position=&#8220;center&#8220; text_color=&#8220;dark&#8220; text_align=&#8220;left&#8220; top_padding=&#8220;4%&#8220; bottom_padding=&#8220;5%&#8220; overlay_strength=&#8220;0.3&#8243; shape_divider_position=&#8220;bottom&#8220; bg_image_animation=&#8220;none&#8220; shape_type=&#8220;&#8220;][vc_column column_padding=&#8220;no-extra-padding&#8220; column_padding_position=&#8220;all&#8220; background_color_opacity=&#8220;1&#8243; background_hover_color_opacity=&#8220;1&#8243; column_link_target=&#8220;_self&#8220; column_shadow=&#8220;none&#8220; column_border_radius=&#8220;none&#8220; width=&#8220;1\/1&#8243; tablet_width_inherit=&#8220;default&#8220; tablet_text_alignment=&#8220;default&#8220; phone_text_alignment=&#8220;default&#8220; overlay_strength=&#8220;0.3&#8243; column_border_width=&#8220;none&#8220; column_border_style=&#8220;solid&#8220; bg_image_animation=&#8220;none&#8220;][vc_custom_heading text=&#8220;Cookie-Richtlinie&#8220; use_theme_fonts=&#8220;yes&#8220;][divider line_type=&#8220;No Line&#8220; custom_height=&#8220;100&#8243;][vc_column_text]\n<h3 style=\"font-size: 30px; font-weight: 400;\">COOKIE<\/h3>\n<p>Cookies bestehen aus Teilen von Codes, die im Browser installiert werden und dem Anbieter dabei helfen, die den erkl\u00e4rten Zwecken entsprechenden Dienste zur Verf\u00fcgung zu stellen. Einige der Zwecke, f\u00fcr die Cookies installiert werden, k\u00f6nnen auch die Einwilligung des Nutzers erfordern.<\/p>\n<p>&nbsp;<\/p>\n<h3 style=\"font-size: 30px; font-weight: 400;\">TECHNISCHE COOKIES UND COOKIES, DIE AGGREGIERTEN STATISTISCHEN ZWECKEN DIENEN<\/h3>\n<p>Diese Anwendung benutzt Cookies, um Nutzer-Sessions zu speichern und um andere f\u00fcr den Betrieb essenzielle Aktivit\u00e4ten f\u00fcr diese Anwendung durchzuf\u00fchren, zum Beispiel im Zusammenhang mit der Verteilung des Datenverkehrs.<\/p>\n<p>Diese Anwendung verwendet Cookies, um Browser-Einstellungen zu speichern und um das Surf-Erlebnis des Nutzers zu optimieren. Zu diesen Cookies z\u00e4hlen beispielsweise jene, mit denen die Sprache eingestellt werden oder solche f\u00fcr die Verwaltung von Erstanbieterstatistiken, die direkt vom Anbieter der Seite betrieben werden.<\/p>\n<p>&nbsp;<\/p>\n<h3 style=\"font-size: 30px; font-weight: 400;\">ANDERE ARTEN VON COOKIES ODER DRITTE, DIE COOKIES INSTALLIEREN<\/h3>\n<p>Einige Dienste verwalten Statistiken in aggregierter und anonymisierter Form und erfordern nicht unbedingt die Einwilligung des Nutzers oder k\u00f6nnen direkt vom Anbieter &#8211; abh\u00e4ngig von ihrer Beschreibung &#8211; ohne Hilfe von Drittanbietern betrieben werden.<\/p>\n<p>Drittanbietern geleistete Dienste bei den Tools erscheinen, k\u00f6nnen diese dazu verwendet werden, um die Surfgewohnheiten des Nutzers nachzuvollziehen &#8211; zus\u00e4tzlich zu den hierin spezifizierten Informationen und ohne Wissen des Anbieters.<\/p>\n<p>&nbsp;<\/p>\n<h3 style=\"font-size: 30px; font-weight: 400;\">WIE KANN ICH DIE EINWILLIGUNG ZUR INSTALLATION VON COOKIES ERTEILEN ODER WIDERRUFEN?<\/h3>\n<p>Zus\u00e4tzlich zu dem, was in diesem Dokument beschrieben wird, kann der Nutzer Einstellungen f\u00fcr Cookies direkt in seinem eigenen Browser verwalten und somit Drittanbieter daran hindern, Cookies zu installieren. Durch die Browser-Einstellungen ist es auch m\u00f6glich, in der Vergangenheit installierte Cookies zu l\u00f6schen, darunter auch jene Cookies, die m\u00f6glicherweise die Einwilligung f\u00fcr die Installation von Cookies durch diese Website gespeichert haben.<\/p>\n<p>In Bezug auf von Dritten installierte Cookies k\u00f6nnen Nutzer ihre Pr\u00e4ferenzen und den Widerruf ihrer Einwilligung verwalten, indem sie auf den entsprechenden Opt-out-Link (falls vorhanden) klicken, die in der Datenschutzrichtlinie des Dritten vorgesehenen Mittel verwenden oder den Dritten kontaktieren.<\/p>\n<p>&nbsp;<\/p>\n<h3 style=\"font-size: 30px; font-weight: 400;\">Anbieter und Verantwortlicher<\/h3>\n<p>Da diese Anwendung Dienste von Drittanbietern nutzt, die die Installation von Cookies und anderer solcher Tracking-Systeme zur Folge hat, welche technisch nicht durch den Anbieter kontrolliert werden k\u00f6nnen, muss jeder spezifische Hinweis auf von Drittanbietern installierte Cookies und Tracking-Systeme als indikativ angesehen werden.<\/p>\n<p>Angesichts der objektiven Komplexit\u00e4t, die mit der Identifikation von auf Cookies basierenden Technologien verbunden ist, werden Nutzer gebeten, sich mit dem Anbieter in Verbindung zu setzen, wenn sie weitere Informationen \u00fcber die Verwendung von Cookies durch diese Anwendung erhalten m\u00f6chten.<\/p>\n<p>Tagama Export, S.L. Pol. Ind. Morero, Centro de Negocios Parcela P2-13, Nave N3-7 Of.2 39611 Guarnizo (Cantabria &#8211; Spain)<br \/>\n<a href=\"mailto:admin@embassyceramics.com\">admin@embassyceramics.com<\/a>[\/vc_column_text][\/vc_column][\/vc_row]\n","protected":false},"excerpt":{"rendered":"<p>[vc_row type=&#8220;in_container&#8220; full_screen_row_position=&#8220;middle&#8220; column_margin=&#8220;default&#8220; scene_position=&#8220;center&#8220; text_color=&#8220;dark&#8220; text_align=&#8220;left&#8220; top_padding=&#8220;4%&#8220; bottom_padding=&#8220;5%&#8220; overlay_strength=&#8220;0.3&#8243; shape_divider_position=&#8220;bottom&#8220; bg_image_animation=&#8220;none&#8220; shape_type=&#8220;&#8220;][vc_column column_padding=&#8220;no-extra-padding&#8220; column_padding_position=&#8220;all&#8220; background_color_opacity=&#8220;1&#8243; background_hover_color_opacity=&#8220;1&#8243; column_link_target=&#8220;_self&#8220; column_shadow=&#8220;none&#8220; column_border_radius=&#8220;none&#8220; width=&#8220;1\/1&#8243; tablet_width_inherit=&#8220;default&#8220; tablet_text_alignment=&#8220;default&#8220; phone_text_alignment=&#8220;default&#8220; overlay_strength=&#8220;0.3&#8243;&#8230;<\/p>\n","protected":false},"author":1,"featured_media":0,"parent":0,"menu_order":0,"comment_status":"closed","ping_status":"closed","template":"","meta":{"footnotes":""},"class_list":["post-1835","page","type-page","status-publish"],"_links":{"self":[{"href":"https:\/\/embassyceramics.com\/de\/wp-json\/wp\/v2\/pages\/1835","targetHints":{"allow":["GET"]}}],"collection":[{"href":"https:\/\/embassyceramics.com\/de\/wp-json\/wp\/v2\/pages"}],"about":[{"href":"https:\/\/embassyceramics.com\/de\/wp-json\/wp\/v2\/types\/page"}],"author":[{"embeddable":true,"href":"https:\/\/embassyceramics.com\/de\/wp-json\/wp\/v2\/users\/1"}],"replies":[{"embeddable":true,"href":"https:\/\/embassyceramics.com\/de\/wp-json\/wp\/v2\/comments?post=1835"}],"version-history":[{"count":0,"href":"https:\/\/embassyceramics.com\/de\/wp-json\/wp\/v2\/pages\/1835\/revisions"}],"wp:attachment":[{"href":"https:\/\/embassyceramics.com\/de\/wp-json\/wp\/v2\/media?parent=1835"}],"curies":[{"name":"wp","href":"https:\/\/api.w.org\/{rel}","templated":true}]}}