{"id":1251,"date":"2019-11-21T01:15:44","date_gmt":"2019-11-20T23:15:44","guid":{"rendered":"https:\/\/embassyceramics.com\/kontakt\/"},"modified":"2023-10-15T09:23:53","modified_gmt":"2023-10-15T07:23:53","slug":"kontakt","status":"publish","type":"page","link":"https:\/\/embassyceramics.com\/de\/kontakt\/","title":{"rendered":"Kontakt"},"content":{"rendered":"[vc_row type=&#8220;full_width_background&#8220; full_screen_row_position=&#8220;middle&#8220; equal_height=&#8220;yes&#8220; content_placement=&#8220;top&#8220; column_margin=&#8220;90px&#8220; bg_color=&#8220;#ffffff&#8220; scene_position=&#8220;center&#8220; text_color=&#8220;custom&#8220; custom_text_color=&#8220;#626e76&#8243; text_align=&#8220;left&#8220; top_padding=&#8220;8%&#8220; bottom_padding=&#8220;8%&#8220; overlay_strength=&#8220;0.3&#8243; shape_divider_position=&#8220;bottom&#8220; bg_image_animation=&#8220;none&#8220; shape_type=&#8220;&#8220;][vc_column column_padding=&#8220;no-extra-padding&#8220; column_padding_position=&#8220;all&#8220; background_color_opacity=&#8220;1&#8243; background_hover_color_opacity=&#8220;1&#8243; column_link_target=&#8220;_self&#8220; column_shadow=&#8220;none&#8220; column_border_radius=&#8220;none&#8220; width=&#8220;2\/3&#8243; tablet_width_inherit=&#8220;default&#8220; tablet_text_alignment=&#8220;default&#8220; phone_text_alignment=&#8220;default&#8220; overlay_strength=&#8220;0.3&#8243; column_border_width=&#8220;none&#8220; column_border_style=&#8220;solid&#8220; bg_image_animation=&#8220;none&#8220;]<div role=\"form\" class=\"wpcf7\" id=\"wpcf7-f1250-o1\" lang=\"de-DE\" dir=\"ltr\">\n<div class=\"screen-reader-response\"><\/div>\n<form action=\"\/de\/wp-json\/wp\/v2\/pages\/1251#wpcf7-f1250-o1\" method=\"post\" class=\"wpcf7-form\" novalidate=\"novalidate\">\n<div style=\"display: none;\">\n<input type=\"hidden\" name=\"_wpcf7\" value=\"1250\" \/>\n<input type=\"hidden\" name=\"_wpcf7_version\" value=\"5.1.6\" \/>\n<input type=\"hidden\" name=\"_wpcf7_locale\" value=\"de_DE\" \/>\n<input type=\"hidden\" name=\"_wpcf7_unit_tag\" value=\"wpcf7-f1250-o1\" \/>\n<input type=\"hidden\" name=\"_wpcf7_container_post\" value=\"0\" \/>\n<input type=\"hidden\" name=\"g-recaptcha-response\" value=\"\" \/>\n<\/div>\n<div  class=\"row\">\n<div class=\"col span_12\">\n  <label >NAME*<\/label><br \/>\n    <span class=\"wpcf7-form-control-wrap nombre\"><input type=\"text\" name=\"nombre\" value=\"\" size=\"40\" class=\"wpcf7-form-control wpcf7-text wpcf7-validates-as-required\" aria-required=\"true\" aria-invalid=\"false\" \/><\/span>\n  <\/div>\n<\/div>\n<div  class=\"row\">\n<div class=\"col span_12\">\n  <label >FIRMA*<\/label><br \/>\n    <span class=\"wpcf7-form-control-wrap company\"><input type=\"text\" name=\"company\" value=\"\" size=\"40\" class=\"wpcf7-form-control wpcf7-text wpcf7-validates-as-required\" aria-required=\"true\" aria-invalid=\"false\" \/><\/span>\n  <\/div>\n<\/div>\n<div style=\"margin-bottom: 30px; margin-top: 30px;\" class=\"row\">\n<div class=\"col span_12\">\n\t  <span class=\"wpcf7-form-control-wrap checkbox-947\"><span class=\"wpcf7-form-control wpcf7-checkbox\"><span class=\"wpcf7-list-item first last\"><label><input type=\"checkbox\" name=\"checkbox-947[]\" value=\"Ich m\u00f6chte den elektronischen Katalog erhalten\" \/><span class=\"wpcf7-list-item-label\">Ich m\u00f6chte den elektronischen Katalog erhalten<\/span><\/label><\/span><\/span><\/span>\n  <\/div>\n<\/div>\n<div  class=\"row\">\n<div class=\"col span_6\">\n  <label >EMAIL*<\/label><br \/>\n    <span class=\"wpcf7-form-control-wrap email\"><input type=\"email\" name=\"email\" value=\"\" size=\"40\" class=\"wpcf7-form-control wpcf7-text wpcf7-email wpcf7-validates-as-required wpcf7-validates-as-email\" aria-required=\"true\" aria-invalid=\"false\" \/><\/span>\n  <\/div>\n<div class=\"col span_6\">\n  <label>TELEFONNUMMER*<\/label><br \/>\n    <span class=\"wpcf7-form-control-wrap telefono\"><input type=\"text\" name=\"telefono\" value=\"\" size=\"40\" class=\"wpcf7-form-control wpcf7-text wpcf7-validates-as-required\" aria-required=\"true\" aria-invalid=\"false\" \/><\/span>\n  <\/div>\n<\/div>\n<div style=\"margin-bottom: 30px;\" ><label >NACHRICHT*<\/label><br \/>\n    <span class=\"wpcf7-form-control-wrap mensaje\"><textarea name=\"mensaje\" cols=\"100\" rows=\"5\" class=\"wpcf7-form-control wpcf7-textarea wpcf7-validates-as-required\" aria-required=\"true\" aria-invalid=\"false\"><\/textarea><\/span> <\/div>\n<p style=\"font-size: 12px; line-height: 18px !important; color: #9f9f9f !important; font-weight: 400;\">Wir m\u00f6chten Sie weiterhin beraten und informieren. Daher ben\u00f6tigen wir Ihre Einwilligung zum Schutz und zur Verwendung Ihrer Daten<\/p>\n<p><span class=\"wpcf7-form-control-wrap privacidad\"><span class=\"wpcf7-form-control wpcf7-acceptance\"><span class=\"wpcf7-list-item\"><label><input type=\"checkbox\" name=\"privacidad\" value=\"1\" aria-invalid=\"false\" \/><span class=\"wpcf7-list-item-label\"><span style=\"font-size: 11px; color: #9f9f9f !important; font-weight: 400;\">Ich akzeptiere die <a style=\"color: #1d1d1d; text-decoration: underline;\" href=\"https:\/\/embassyceramics.com\/de\/datenschutzerklaerung\/\" target=\"_blank\">Datenschutzerkl\u00e4rung <\/a> und die <a style=\"color: #1d1d1d; text-decoration: underline;\" href=\"https:\/\/embassyceramics.com\/de\/rechtlicher-hinweis\/\" target=\"_blank\">Rechtlicher Hinweis<\/a>.<\/span><\/span><\/label><\/span><\/span><\/span><\/p>\n<p><br\/><input type=\"submit\" value=\"SENDEN\" class=\"wpcf7-form-control wpcf7-submit\" \/><\/p>\n<hr style=\"background-color: #F5F5F5; width: 100%; height: 2px; border: none; margin-top: 75px !important; margin-bottom: 25px !important; text-align: left !important\" \/>\n<br\/><\/p>\n<p><b>Zust\u00e4ndiger f\u00fcr die Verarbeitung<\/b><\/p>\n<p style=\"text-transform: none !important; line-height: 18px !important;\">Embassy Ceramics<br \/>\nPaseo de las Delicias 1, 41001 Sevilla - Spanien <\/p>\n<p><b>Zweck der Verarbeitung<\/b><\/p>\n<p style=\"text-transform: none !important; line-height: 18px !important;\">Aufrechterhaltung der errichteten Handelsbeziehung sowie das Ziel, Sie mit elektronischen Marketinginformationen \u00fcber unsere Produkte und Dienstleistungen auf dem Laufenden zu halten. <\/p>\n<p><b>Rechte <\/b><\/p>\n<p style=\"text-transform: none !important; line-height: 18px !important;\">Sie k\u00f6nnen die Rechte auf Zugriff, Berichtigung, Stornierung, \u00dcbertragbarkeit, L\u00f6schung oder gegebenenfalls Widerspruch aus\u00fcben. Desgleichen k\u00f6nnen Sie Ihr Recht auf den Schutz personenbezogener Daten aus\u00fcben, indem Sie bei der Spanischen Datenschutzbeh\u00f6rde (www.agpd.es) eine Beschwerde einlegen.<\/p>\n<p><b>Zus\u00e4tzliche Information<\/b><\/p>\n<p style=\"text-transform: none !important; line-height: 18px !important;\">Weitere Informationen finden Sie in unserer <a style=\"color: #1d1d1d; text-decoration: underline;\" href=\"https:\/\/embassyceramics.com\/de\/datenschutzerklaerung\/\" target=\"_blank\">Datenschutzerkl\u00e4rung<\/a>.<\/p>\n<div class=\"wpcf7-response-output wpcf7-display-none\"><\/div><\/form><\/div>[\/vc_column][vc_column column_padding=&#8220;padding-2-percent&#8220; column_padding_position=&#8220;top-bottom&#8220; background_color_opacity=&#8220;1&#8243; background_hover_color_opacity=&#8220;1&#8243; column_link_target=&#8220;_self&#8220; column_shadow=&#8220;none&#8220; column_border_radius=&#8220;none&#8220; width=&#8220;1\/3&#8243; tablet_width_inherit=&#8220;default&#8220; tablet_text_alignment=&#8220;default&#8220; phone_text_alignment=&#8220;default&#8220; overlay_strength=&#8220;0.3&#8243; column_border_width=&#8220;none&#8220; column_border_style=&#8220;solid&#8220; bg_image_animation=&#8220;none&#8220;][vc_custom_heading text=&#8220;Kontakt&#8220; font_container=&#8220;tag:h1|text_align:left|color:%23626e76&#8243; use_theme_fonts=&#8220;yes&#8220;][divider line_type=&#8220;Small Line&#8220; line_alignment=&#8220;default&#8220; line_thickness=&#8220;1&#8243; divider_color=&#8220;default&#8220; custom_line_width=&#8220;50&#8243;][vc_column_text]T. + 34 961 060 282<br \/>\nT. + 34 605 946 797<\/p>\n<h6>B\u00dcRO<\/h6>\n<p>Paseo de las Delicias 1, 41001 Sevilla, Spanien<\/p>\n<h6>FABRIK<\/h6>\n<p>46770 Valencia, Spain[\/vc_column_text][\/vc_column][\/vc_row]\n","protected":false},"excerpt":{"rendered":"<p>[vc_row type=&#8220;full_width_background&#8220; full_screen_row_position=&#8220;middle&#8220; equal_height=&#8220;yes&#8220; content_placement=&#8220;top&#8220; column_margin=&#8220;90px&#8220; bg_color=&#8220;#ffffff&#8220; scene_position=&#8220;center&#8220; text_color=&#8220;custom&#8220; custom_text_color=&#8220;#626e76&#8243; text_align=&#8220;left&#8220; top_padding=&#8220;8%&#8220; bottom_padding=&#8220;8%&#8220; overlay_strength=&#8220;0.3&#8243; shape_divider_position=&#8220;bottom&#8220; bg_image_animation=&#8220;none&#8220; shape_type=&#8220;&#8220;][vc_column column_padding=&#8220;no-extra-padding&#8220; column_padding_position=&#8220;all&#8220; background_color_opacity=&#8220;1&#8243; background_hover_color_opacity=&#8220;1&#8243; column_link_target=&#8220;_self&#8220; column_shadow=&#8220;none&#8220; column_border_radius=&#8220;none&#8220; width=&#8220;2\/3&#8243;&#8230;<\/p>\n","protected":false},"author":1,"featured_media":0,"parent":0,"menu_order":0,"comment_status":"closed","ping_status":"closed","template":"","meta":{"footnotes":""},"class_list":["post-1251","page","type-page","status-publish"],"_links":{"self":[{"href":"https:\/\/embassyceramics.com\/de\/wp-json\/wp\/v2\/pages\/1251","targetHints":{"allow":["GET"]}}],"collection":[{"href":"https:\/\/embassyceramics.com\/de\/wp-json\/wp\/v2\/pages"}],"about":[{"href":"https:\/\/embassyceramics.com\/de\/wp-json\/wp\/v2\/types\/page"}],"author":[{"embeddable":true,"href":"https:\/\/embassyceramics.com\/de\/wp-json\/wp\/v2\/users\/1"}],"replies":[{"embeddable":true,"href":"https:\/\/embassyceramics.com\/de\/wp-json\/wp\/v2\/comments?post=1251"}],"version-history":[{"count":5,"href":"https:\/\/embassyceramics.com\/de\/wp-json\/wp\/v2\/pages\/1251\/revisions"}],"predecessor-version":[{"id":1945,"href":"https:\/\/embassyceramics.com\/de\/wp-json\/wp\/v2\/pages\/1251\/revisions\/1945"}],"wp:attachment":[{"href":"https:\/\/embassyceramics.com\/de\/wp-json\/wp\/v2\/media?parent=1251"}],"curies":[{"name":"wp","href":"https:\/\/api.w.org\/{rel}","templated":true}]}}